{"id":2170,"date":"2019-05-21T13:08:45","date_gmt":"2019-05-21T13:08:45","guid":{"rendered":"https:\/\/lezbetalen.be\/?page_id=2170"},"modified":"2020-03-23T14:50:57","modified_gmt":"2020-03-23T14:50:57","slug":"platba","status":"publish","type":"page","link":"https:\/\/lezbetalen.be\/cs\/platba\/","title":{"rendered":"Platba"},"content":{"rendered":"<p><div class=\"fusion-fullwidth fullwidth-box fusion-builder-row-1 fusion-parallax-none nonhundred-percent-fullwidth non-hundred-percent-height-scrolling\" style=\"--awb-background-position:right center;--awb-border-radius-top-left:0px;--awb-border-radius-top-right:0px;--awb-border-radius-bottom-right:0px;--awb-border-radius-bottom-left:0px;--awb-background-image:url(&quot;https:\/\/lezbetalen.be\/wp-content\/uploads\/2019\/11\/masantwerpen.jpg&quot;);--awb-background-size:cover;--awb-flex-wrap:wrap;\" ><div class=\"fusion-builder-row fusion-row\"><div class=\"fusion-layout-column fusion_builder_column fusion-builder-column-0 fusion_builder_column_1_1 1_1 fusion-one-full fusion-column-first fusion-column-last\" style=\"--awb-padding-top:250px;--awb-padding-bottom:250px;--awb-bg-size:cover;\"><div class=\"fusion-column-wrapper fusion-flex-column-wrapper-legacy\"><div class=\"fusion-clearfix\"><\/div><\/div><\/div><\/div><\/div>\n<div class=\"fusion-fullwidth fullwidth-box fusion-builder-row-2 nonhundred-percent-fullwidth non-hundred-percent-height-scrolling\" style=\"--awb-background-position:left top;--awb-border-radius-top-left:0px;--awb-border-radius-top-right:0px;--awb-border-radius-bottom-right:0px;--awb-border-radius-bottom-left:0px;--awb-padding-top:50px;--awb-padding-bottom:75px;--awb-background-color:#ffffff;--awb-border-sizes-top:0px;--awb-border-sizes-bottom:0px;--awb-flex-wrap:wrap;\" ><div class=\"fusion-builder-row fusion-row\"><div class=\"fusion-layout-column fusion_builder_column fusion-builder-column-1 fusion_builder_column_1_1 1_1 fusion-one-full fusion-column-first fusion-column-last\" style=\"--awb-padding-right:14%;--awb-padding-left:14%;--awb-bg-size:cover;--awb-margin-bottom:0px;\"><div class=\"fusion-column-wrapper fusion-flex-column-wrapper-legacy\"><div class=\"fusion-text fusion-text-1\"><h2 data-lineheight=\"38\" data-fontsize=\"30\" style=\"font-size: 28.156px; line-height: 35.665px;\">Zaregistrujte se a pla\u0165te p\u0159edem<\/h2>\n<p>Zahrani\u010dn\u00ed vozidla mus\u00ed <strong>b\u00fdt v\u017edy p\u0159edem registrov\u00e1na<\/strong>. M\u016f\u017eete se registrovat online v jednom z parkovac\u00edch automat\u016f v centru Antverp nebo v prodejn\u00edm automatu NEZ. <a href=\"https:\/\/lezbetalen.be\/cs\/registrace\/\"><u>Tady<\/u> <\/a>si o tom p\u0159e\u010dt\u011bte v\u0161echno.<\/p>\n<h2 data-lineheight=\"38\" data-fontsize=\"30\" style=\"font-size: 28.156px; line-height: 35.665px;\">Spr\u00e1vn\u00ed pokuta<\/h2>\n<p>Pokud va\u0161e ciz\u00ed vozidlo nen\u00ed platn\u011b registrov\u00e1no, obdr\u017e\u00edte spr\u00e1vn\u00ed pokutu. Dostanete dopis ve <strong>va\u0161em n\u00e1rodn\u00edm jazyce<\/strong>. Budete muset zaplatit pokutu. Pokud nesouhlas\u00edte s pokutou, m\u016f\u017eete podat odvol\u00e1n\u00ed. Za t\u00edmto \u00fa\u010delem vypl\u0148te formul\u00e1\u0159 na odvol\u00e1n\u00ed, kter\u00fd byl p\u0159id\u00e1n do t\u00e9to z\u00e1silky. V\u00e1\u0161 spor bude posuzov\u00e1n m\u011bstem Antverpy a rychle zjist\u00edte, zda byl nebo nebyl p\u0159ijat. Po p\u0159ijet\u00ed vypr\u0161\u00ed platnost spr\u00e1vn\u00ed pokuty, p\u0159i odm\u00edtnut\u00ed mus\u00edte zaplatit podle pokyn\u016f dopisu.<\/p>\n<h2 data-lineheight=\"38\" data-fontsize=\"30\" style=\"font-size: 28.156px; line-height: 35.665px;\">Jak zaplat\u00edm?<\/h2>\n<\/p>\n<p><b>M\u00e1te belgickou, nizozemskou nebo francouzskou pozn\u00e1vac\u00ed zna\u010dku?<br \/><\/b>Sb\u011br pokut za belgick\u00e9, nizozemsk\u00e9 a francouzsk\u00e9 pozn\u00e1vac\u00ed zna\u010dky prov\u00e1d\u00ed samotn\u00e9 m\u011bsto Antverpy. Po va\u0161em poru\u0161en\u00ed jste obdr\u017eeli doporu\u010den\u00fd dopis od m\u011bsta Antverpy. V t\u00e9to korespondenci najdete spr\u00e1vn\u00e9 platebn\u00ed \u00fadaje.<\/p>\n<p><b>M\u00e1te jinou pozn\u00e1vac\u00ed zna\u010dku?<br \/><\/b><span style=\"color: var(--body_typography-color); font-family: var(--body_typography-font-family); font-size: var(--body_typography-font-size); font-style: var(--body_typography-font-style,normal); font-weight: var(--body_typography-font-weight); letter-spacing: var(--body_typography-letter-spacing);\">V\u00fdb\u011br pokut za dal\u0161\u00ed zahrani\u010dn\u00ed SPZ prov\u00e1d\u00ed spole\u010dnost Modero. Plat\u00edte prost\u0159ednictv\u00edm evropsk\u00e9ho nebo mezin\u00e1rodn\u00edho p\u0159evodu na \u010d\u00edslo \u00fa\u010dtu uveden\u00e9 v dopise, kter\u00fd jste obdr\u017eeli od spole\u010dnosti Modero. V strukturovan\u00e9m ozn\u00e1men\u00ed o p\u0159evodu uve\u010fte sv\u016fj strukturovan\u00fd odkaz<\/span><span style=\"color: var(--body_typography-color); font-family: var(--body_typography-font-family); font-size: var(--body_typography-font-size); font-style: var(--body_typography-font-style,normal); font-weight: var(--body_typography-font-weight); letter-spacing: var(--body_typography-letter-spacing);\">.<\/span><\/p>\n<h2 data-lineheight=\"38\" data-fontsize=\"30\" style=\"font-size: 28.156px; line-height: 35.665px;\">Neplat\u00edm nebo neplat\u00edm na\u010das<\/h2>\n<p>Pokud nechcete platit ve stanoven\u00e9 lh\u016ft\u011b a chcete podat odvol\u00e1n\u00ed, v\u00e1\u0161 spis bude odesl\u00e1n <strong>soudn\u00edmu vykonavateli ve va\u0161\u00ed zemi<\/strong>. Znovu v\u00e1s po\u017e\u00e1d\u00e1, abyste zaplatil spr\u00e1vn\u00ed pokutu.<\/p>\n<p>POZOR: budou zapo\u010d\u00edtany dal\u0161\u00ed n\u00e1klady. Je proto d\u016fle\u017eit\u00e9 platit na\u010das.<\/p>\n<h2 data-lineheight=\"38\" data-fontsize=\"30\" style=\"font-size: 28.156px; line-height: 35.665px;\">Odvol\u00e1v\u00e1m se proti pokut\u011b<\/h2>\n<p>Chcete-li se odvolat proti pokut\u011b, vypl\u0148te pros\u00edm p\u0159ilo\u017een\u00fd formul\u00e1\u0159 na odvol\u00e1n\u00ed. Nemus\u00edte platit, dokud nedostanete odpov\u011b\u010f na odvol\u00e1n\u00ed.<\/p>\n<p>POZOR: odvol\u00e1n\u00ed mus\u00edte zaslat <strong>doporu\u010den\u00fdm dopisem<\/strong> a p\u0159idat v\u0161echny d\u016fkazy o va\u0161\u00ed argumentaci. Va\u0161e odvol\u00e1n\u00ed mus\u00edme dostat <strong>do 30 dn\u016f<\/strong>! Nespr\u00e1vn\u00e9, ne\u00fapln\u00e9 nebo pozdn\u00ed odvol\u00e1n\u00ed nebude p\u0159ijat. P\u0159e\u010dt\u011bte si <a href=\"https:\/\/lezbetalen.be\/cs\/faq\/\"><u>nej\u010dast\u011bji kladen\u00e9 ot\u00e1zky<\/u><\/a>, abyste zjistili, zda m\u016f\u017eete podat platn\u00e9 odvol\u00e1n\u00ed.<\/p>\n<p>Ode\u0161lete nap\u0159\u00edklad tyto dokumenty:<\/p>\n<p>&#8211; v\u017edy po\u017eadovan\u00e9: osv\u011bd\u010den\u00ed o registraci va\u0161eho vozidla;<br \/>\n&#8211; je-li k dispozici: evropsk\u00e9 osv\u011bd\u010den\u00ed o shod\u011b;<br \/>\n&#8211; na vy\u0161\u0161\u00ed \u00farovni euronormy: ofici\u00e1ln\u00ed d\u016fkaz, pokud nevypl\u00fdv\u00e1 z dokladu o registraci.<\/p>\n<\/div><div class=\"fusion-clearfix\"><\/div><\/div><\/div><\/div><\/div><div class=\"fusion-fullwidth fullwidth-box fusion-builder-row-3 footer-border nonhundred-percent-fullwidth non-hundred-percent-height-scrolling\" style=\"--awb-border-radius-top-left:0px;--awb-border-radius-top-right:0px;--awb-border-radius-bottom-right:0px;--awb-border-radius-bottom-left:0px;--awb-padding-top:50px;--awb-padding-bottom:50px;--awb-margin-top:0px;--awb-margin-bottom:0px;--awb-flex-wrap:wrap;\" ><div class=\"fusion-builder-row fusion-row\"><div class=\"fusion-layout-column fusion_builder_column fusion-builder-column-2 fusion_builder_column_1_1 1_1 fusion-one-full fusion-column-first fusion-column-last\" style=\"--awb-padding-top:0px;--awb-padding-bottom:0px;--awb-bg-size:cover;--awb-margin-bottom:0px;\"><div class=\"fusion-column-wrapper fusion-flex-column-wrapper-legacy\"><p style=\"text-align: center;\">LEZ betalen \u00a9 Copyright <script>document.write(new Date().getFullYear());<\/script> - All Rights Reserved - Launched by <a href=\"https:\/\/majortom.be\" target=\"_blank\">Major Tom<\/a><br \/>\nIn collaboration with:<\/p><div class=\"fusion-image-element fusion-image-align-center in-legacy-container\" style=\"text-align:center;--awb-caption-title-font-family:var(--h2_typography-font-family);--awb-caption-title-font-weight:var(--h2_typography-font-weight);--awb-caption-title-font-style:var(--h2_typography-font-style);--awb-caption-title-size:var(--h2_typography-font-size);--awb-caption-title-transform:var(--h2_typography-text-transform);--awb-caption-title-line-height:var(--h2_typography-line-height);--awb-caption-title-letter-spacing:var(--h2_typography-letter-spacing);\"><div class=\"imageframe-align-center\"><span class=\" fusion-imageframe imageframe-none imageframe-1 hover-type-none\"><a class=\"fusion-no-lightbox\" href=\"https:\/\/modero.be\" target=\"_blank\" aria-label=\"Modero BASIS rgb\" rel=\"noopener noreferrer\"><img decoding=\"async\" width=\"300\" height=\"65\" alt=\"Modero\" src=\"https:\/\/lezbetalen.be\/wp-content\/uploads\/2019\/11\/Modero-BASIS-rgb-300x65.jpg\" class=\"img-responsive wp-image-2372\" srcset=\"https:\/\/lezbetalen.be\/wp-content\/uploads\/2019\/11\/Modero-BASIS-rgb-200x43.jpg 200w, https:\/\/lezbetalen.be\/wp-content\/uploads\/2019\/11\/Modero-BASIS-rgb-400x87.jpg 400w, https:\/\/lezbetalen.be\/wp-content\/uploads\/2019\/11\/Modero-BASIS-rgb-600x130.jpg 600w, https:\/\/lezbetalen.be\/wp-content\/uploads\/2019\/11\/Modero-BASIS-rgb-800x174.jpg 800w, https:\/\/lezbetalen.be\/wp-content\/uploads\/2019\/11\/Modero-BASIS-rgb.jpg 1064w\" sizes=\"(max-width: 800px) 100vw, 300px\" \/><\/a><\/span><\/div><\/div><div class=\"fusion-sep-clear\"><\/div><div class=\"fusion-separator fusion-full-width-sep\" style=\"margin-left: auto;margin-right: auto;margin-top:25px;width:100%;\"><div class=\"fusion-separator-border sep-double\" style=\"--awb-height:20px;--awb-amount:20px;border-color:#eaeaea;border-top-width:0px;border-bottom-width:0px;\"><\/div><\/div><div class=\"fusion-sep-clear\"><\/div><div class=\"fusion-image-element fusion-image-align-center in-legacy-container\" style=\"text-align:center;--awb-caption-title-font-family:var(--h2_typography-font-family);--awb-caption-title-font-weight:var(--h2_typography-font-weight);--awb-caption-title-font-style:var(--h2_typography-font-style);--awb-caption-title-size:var(--h2_typography-font-size);--awb-caption-title-transform:var(--h2_typography-text-transform);--awb-caption-title-line-height:var(--h2_typography-line-height);--awb-caption-title-letter-spacing:var(--h2_typography-letter-spacing);\"><div class=\"imageframe-align-center\"><span class=\" fusion-imageframe imageframe-none imageframe-2 hover-type-none\"><a class=\"fusion-no-lightbox\" href=\"https:\/\/www.antwerpen.be\" target=\"_blank\" aria-label=\"Antwerpen\" rel=\"noopener noreferrer\"><img decoding=\"async\" width=\"125\" height=\"125\" alt=\"Antwerpen\" src=\"https:\/\/lezbetalen.be\/wp-content\/uploads\/2018\/12\/Antwerpen.jpg\" class=\"img-responsive wp-image-2429\" srcset=\"https:\/\/lezbetalen.be\/wp-content\/uploads\/2018\/12\/Antwerpen-66x66.jpg 66w, https:\/\/lezbetalen.be\/wp-content\/uploads\/2018\/12\/Antwerpen.jpg 125w\" sizes=\"(max-width: 125px) 100vw, 125px\" \/><\/a><\/span><\/div><\/div><div class=\"fusion-clearfix\"><\/div><\/div><\/div><\/div><\/div>\n<\/p>\n","protected":false},"excerpt":{"rendered":"","protected":false},"author":7,"featured_media":0,"parent":0,"menu_order":0,"comment_status":"closed","ping_status":"closed","template":"100-width.php","meta":{"footnotes":""},"class_list":["post-2170","page","type-page","status-publish","hentry"],"yoast_head":"<!-- This site is optimized with the Yoast SEO plugin v27.5 - https:\/\/yoast.com\/product\/yoast-seo-wordpress\/ -->\n<title>Platba - LEZ<\/title>\n<meta name=\"robots\" content=\"index, follow, max-snippet:-1, max-image-preview:large, max-video-preview:-1\" \/>\n<link rel=\"canonical\" href=\"https:\/\/lezbetalen.be\/cs\/platba\/\" \/>\n<meta property=\"og:locale\" content=\"cs_CZ\" \/>\n<meta property=\"og:type\" content=\"article\" \/>\n<meta property=\"og:title\" content=\"Platba - LEZ\" \/>\n<meta property=\"og:url\" content=\"https:\/\/lezbetalen.be\/cs\/platba\/\" \/>\n<meta property=\"og:site_name\" content=\"LEZ\" \/>\n<meta property=\"article:modified_time\" content=\"2020-03-23T14:50:57+00:00\" \/>\n<meta name=\"twitter:card\" content=\"summary_large_image\" \/>\n<meta name=\"twitter:label1\" content=\"Odhadovan\u00e1 doba \u010dten\u00ed\" \/>\n\t<meta name=\"twitter:data1\" content=\"3 minuty\" \/>\n<script type=\"application\/ld+json\" class=\"yoast-schema-graph\">{\"@context\":\"https:\\\/\\\/schema.org\",\"@graph\":[{\"@type\":\"WebPage\",\"@id\":\"https:\\\/\\\/lezbetalen.be\\\/cs\\\/platba\\\/\",\"url\":\"https:\\\/\\\/lezbetalen.be\\\/cs\\\/platba\\\/\",\"name\":\"Platba - LEZ\",\"isPartOf\":{\"@id\":\"https:\\\/\\\/lezbetalen.be\\\/#website\"},\"datePublished\":\"2019-05-21T13:08:45+00:00\",\"dateModified\":\"2020-03-23T14:50:57+00:00\",\"breadcrumb\":{\"@id\":\"https:\\\/\\\/lezbetalen.be\\\/cs\\\/platba\\\/#breadcrumb\"},\"inLanguage\":\"cs\",\"potentialAction\":[{\"@type\":\"ReadAction\",\"target\":[\"https:\\\/\\\/lezbetalen.be\\\/cs\\\/platba\\\/\"]}]},{\"@type\":\"BreadcrumbList\",\"@id\":\"https:\\\/\\\/lezbetalen.be\\\/cs\\\/platba\\\/#breadcrumb\",\"itemListElement\":[{\"@type\":\"ListItem\",\"position\":1,\"name\":\"Home\",\"item\":\"https:\\\/\\\/lezbetalen.be\\\/cs\\\/\"},{\"@type\":\"ListItem\",\"position\":2,\"name\":\"Platba\"}]},{\"@type\":\"WebSite\",\"@id\":\"https:\\\/\\\/lezbetalen.be\\\/#website\",\"url\":\"https:\\\/\\\/lezbetalen.be\\\/\",\"name\":\"LEZ\",\"description\":\"\",\"potentialAction\":[{\"@type\":\"SearchAction\",\"target\":{\"@type\":\"EntryPoint\",\"urlTemplate\":\"https:\\\/\\\/lezbetalen.be\\\/?s={search_term_string}\"},\"query-input\":{\"@type\":\"PropertyValueSpecification\",\"valueRequired\":true,\"valueName\":\"search_term_string\"}}],\"inLanguage\":\"cs\"}]}<\/script>\n<!-- \/ Yoast SEO plugin. -->","yoast_head_json":{"title":"Platba - LEZ","robots":{"index":"index","follow":"follow","max-snippet":"max-snippet:-1","max-image-preview":"max-image-preview:large","max-video-preview":"max-video-preview:-1"},"canonical":"https:\/\/lezbetalen.be\/cs\/platba\/","og_locale":"cs_CZ","og_type":"article","og_title":"Platba - LEZ","og_url":"https:\/\/lezbetalen.be\/cs\/platba\/","og_site_name":"LEZ","article_modified_time":"2020-03-23T14:50:57+00:00","twitter_card":"summary_large_image","twitter_misc":{"Odhadovan\u00e1 doba \u010dten\u00ed":"3 minuty"},"schema":{"@context":"https:\/\/schema.org","@graph":[{"@type":"WebPage","@id":"https:\/\/lezbetalen.be\/cs\/platba\/","url":"https:\/\/lezbetalen.be\/cs\/platba\/","name":"Platba - LEZ","isPartOf":{"@id":"https:\/\/lezbetalen.be\/#website"},"datePublished":"2019-05-21T13:08:45+00:00","dateModified":"2020-03-23T14:50:57+00:00","breadcrumb":{"@id":"https:\/\/lezbetalen.be\/cs\/platba\/#breadcrumb"},"inLanguage":"cs","potentialAction":[{"@type":"ReadAction","target":["https:\/\/lezbetalen.be\/cs\/platba\/"]}]},{"@type":"BreadcrumbList","@id":"https:\/\/lezbetalen.be\/cs\/platba\/#breadcrumb","itemListElement":[{"@type":"ListItem","position":1,"name":"Home","item":"https:\/\/lezbetalen.be\/cs\/"},{"@type":"ListItem","position":2,"name":"Platba"}]},{"@type":"WebSite","@id":"https:\/\/lezbetalen.be\/#website","url":"https:\/\/lezbetalen.be\/","name":"LEZ","description":"","potentialAction":[{"@type":"SearchAction","target":{"@type":"EntryPoint","urlTemplate":"https:\/\/lezbetalen.be\/?s={search_term_string}"},"query-input":{"@type":"PropertyValueSpecification","valueRequired":true,"valueName":"search_term_string"}}],"inLanguage":"cs"}]}},"_links":{"self":[{"href":"https:\/\/lezbetalen.be\/cs\/wp-json\/wp\/v2\/pages\/2170","targetHints":{"allow":["GET"]}}],"collection":[{"href":"https:\/\/lezbetalen.be\/cs\/wp-json\/wp\/v2\/pages"}],"about":[{"href":"https:\/\/lezbetalen.be\/cs\/wp-json\/wp\/v2\/types\/page"}],"author":[{"embeddable":true,"href":"https:\/\/lezbetalen.be\/cs\/wp-json\/wp\/v2\/users\/7"}],"replies":[{"embeddable":true,"href":"https:\/\/lezbetalen.be\/cs\/wp-json\/wp\/v2\/comments?post=2170"}],"version-history":[{"count":5,"href":"https:\/\/lezbetalen.be\/cs\/wp-json\/wp\/v2\/pages\/2170\/revisions"}],"predecessor-version":[{"id":2671,"href":"https:\/\/lezbetalen.be\/cs\/wp-json\/wp\/v2\/pages\/2170\/revisions\/2671"}],"wp:attachment":[{"href":"https:\/\/lezbetalen.be\/cs\/wp-json\/wp\/v2\/media?parent=2170"}],"curies":[{"name":"wp","href":"https:\/\/api.w.org\/{rel}","templated":true}]}}