{"id":2173,"date":"2019-05-21T13:11:30","date_gmt":"2019-05-21T13:11:30","guid":{"rendered":"https:\/\/lezbetalen.be\/?page_id=2173"},"modified":"2019-11-29T16:35:43","modified_gmt":"2019-11-29T16:35:43","slug":"kontakt","status":"publish","type":"page","link":"https:\/\/lezbetalen.be\/cs\/kontakt\/","title":{"rendered":"Kontakt"},"content":{"rendered":"<p><div class=\"fusion-fullwidth fullwidth-box fusion-builder-row-1 fusion-parallax-none nonhundred-percent-fullwidth non-hundred-percent-height-scrolling\" style=\"--awb-background-position:right center;--awb-border-radius-top-left:0px;--awb-border-radius-top-right:0px;--awb-border-radius-bottom-right:0px;--awb-border-radius-bottom-left:0px;--awb-background-image:url(&quot;https:\/\/lezbetalen.be\/wp-content\/uploads\/2019\/11\/masantwerpen.jpg&quot;);--awb-background-size:cover;--awb-flex-wrap:wrap;\" ><div class=\"fusion-builder-row fusion-row\"><div class=\"fusion-layout-column fusion_builder_column fusion-builder-column-0 fusion_builder_column_1_1 1_1 fusion-one-full fusion-column-first fusion-column-last\" style=\"--awb-padding-top:250px;--awb-padding-bottom:250px;--awb-bg-size:cover;\"><div class=\"fusion-column-wrapper fusion-flex-column-wrapper-legacy\"><div class=\"fusion-clearfix\"><\/div><\/div><\/div><\/div><\/div>\n<div class=\"fusion-fullwidth fullwidth-box fusion-builder-row-2 nonhundred-percent-fullwidth non-hundred-percent-height-scrolling\" style=\"--awb-background-position:left top;--awb-border-radius-top-left:0px;--awb-border-radius-top-right:0px;--awb-border-radius-bottom-right:0px;--awb-border-radius-bottom-left:0px;--awb-padding-top:50px;--awb-padding-bottom:75px;--awb-background-color:#ffffff;--awb-border-sizes-top:0px;--awb-border-sizes-bottom:0px;--awb-flex-wrap:wrap;\" ><div class=\"fusion-builder-row fusion-row\"><div class=\"fusion-layout-column fusion_builder_column fusion-builder-column-1 fusion_builder_column_1_1 1_1 fusion-one-full fusion-column-first fusion-column-last\" style=\"--awb-padding-right:14%;--awb-padding-left:14%;--awb-bg-size:cover;--awb-margin-bottom:0px;\"><div class=\"fusion-column-wrapper fusion-flex-column-wrapper-legacy\"><div class=\"fusion-text fusion-text-1\"><p>Pokuta NEZ, kterou jste obdr\u017eeli, je sou\u010d\u00e1st\u00ed <strong>spr\u00e1vn\u00edho \u0159\u00edzen\u00ed<\/strong>, kter\u00e9 mus\u00ed b\u00fdt vedeno p\u00edsemn\u011b. Nem\u016f\u017eete se tedy platn\u011b odvolat telefonicky, e-mailem nebo b\u011b\u017en\u00fdm dopisem.<\/p>\n<h2>Jak mohu poslat odvol\u00e1n\u00ed?<\/h2>\n<p>Pokud jste dostali pokutu NEZ, v tomt\u00e9\u017e dopisu jste na\u0161li formul\u00e1\u0159 na odvol\u00e1n\u00ed. Vypl\u0148te ho, uve\u010fte v\u0161echny p\u0159\u00edlohy a za\u0161lete je <strong>doporu\u010den\u00fdm dopisem<\/strong> na:<\/p>\n<p>M\u011bsto Antverpy P\/A Modero<br \/>\nMechelsesteenweg 203<br \/>\n2018 Antwerpen<br \/>\nBelgie<\/p>\n<p>Nezapome\u0148te sv\u016fj podpis v doln\u00ed \u010d\u00e1sti dopisu a uv\u00e9st m\u00edsto a datum.<\/p>\n<h2>Kdo \u0159\u00eddil m\u00e9 vozidlo?<\/h2>\n<p>Pokud jste \u0159\u00eddili v NEZ sami, vypl\u0148te formul\u00e1\u0159 na odvol\u00e1n\u00ed sami.<\/p>\n<p>Pokud n\u011bkdo jin\u00fd \u0159\u00edd\u00ed va\u0161e vozidlo, vypln\u00ed dokument tenhle <strong>\u0159idi\u010d<\/strong>.<\/p>\n<p>UPOZORN\u011aN\u00cd: Pokud jste vozidlo ne\u0159\u00eddili sami, m\u00e1te pr\u00e1vo zapsat <strong>skute\u010dn\u00e9ho \u0159idi\u010de<\/strong>. Proto po\u017e\u00e1dejte \u0159idi\u010de, aby potvrdil, \u017ee \u0159\u00eddil va\u0161e vozidlo v NEZ. Ud\u011bl\u00e1te to tak, \u017ee formul\u00e1\u0159 nech\u00e1te podepsat \u0159idi\u010di a za\u0161lete ho n\u00e1m doporu\u010denou po\u0161tou. V opa\u010dn\u00e9m p\u0159\u00edpad\u011b budete muset zaplatit pokutu jako dr\u017eitel registrace. V KA\u017dD\u00c9M P\u0158\u00cdPAD\u011a po\u0161lete kopii pr\u016fkazu toto\u017enosti \u0159idi\u010de.<\/p>\n<p>Pokud se jedn\u00e1 o <strong>leasingov\u00e9 vozidlo<\/strong>, pak bude pokuta NEZ ulo\u017eena leasingov\u00e9 spole\u010dnosti. Leasingov\u00e1 spole\u010dnost mus\u00ed co nejrychleji uv\u00e9st do smlouvy stejn\u00e9 jm\u00e9no a adresu leasingov\u00e9ho vlastn\u00edka jako na formul\u00e1\u0159i na odvol\u00e1n\u00ed. On je odpov\u011bdn\u00fd za st\u00edh\u00e1n\u00ed a m\u00e1 mo\u017enost odvolat se.<\/p>\n<h2>Jak se m\u016f\u017eu odvolat?<\/h2>\n<p>Popi\u0161te sv\u00e9 odvol\u00e1n\u00ed dostate\u010dn\u011b jasn\u011b a taky d\u016fvod pro\u010d ho zas\u00edl\u00e1te m\u011bstu Antverpy. Uve\u010fte co nejjasn\u011bji m\u00edsto, \u010das a okolnosti. Popi\u0161te svou situaci ve m\u011bst\u011b co nejp\u0159esn\u011bji. Na podporu va\u0161i argumentace poskytn\u011bte dostate\u010dn\u011b, jasn\u011b \u010diteln\u00e9 kopie osv\u011bd\u010den\u00ed. P\u0159e\u010dt\u011bte si <a href=\"https:\/\/lezbetalen.be\/cs\/faq\/\"><u>Nej\u010dast\u011bji kladen\u00e9<\/u> ot\u00e1zky<\/a>, zda mezi nimi <strong>neobjev\u00edte a zda je dostate\u010dn\u011b jasn\u00e9<\/strong>!<\/p>\n<h2>Kdy pos\u00edl\u00e1m sv\u00e9 odvol\u00e1n\u00ed?<\/h2>\n<p>Co nejd\u0159\u00edve. Va\u0161e odvol\u00e1n\u00ed mus\u00ed b\u00fdt p\u0159ijato do 30 dn\u016f. Po\u010d\u00edtejte n\u011bkolik dn\u016f, aby se v\u00e1\u0161 dopis dostal do Belgie na\u010das. Pozdn\u00ed odvol\u00e1n\u00ed nem\u016f\u017ee b\u00fdt bohu\u017eel p\u0159ijato.<\/p>\n<\/div><div class=\"fusion-clearfix\"><\/div><\/div><\/div><\/div><\/div><div class=\"fusion-fullwidth fullwidth-box fusion-builder-row-3 footer-border nonhundred-percent-fullwidth non-hundred-percent-height-scrolling\" style=\"--awb-border-radius-top-left:0px;--awb-border-radius-top-right:0px;--awb-border-radius-bottom-right:0px;--awb-border-radius-bottom-left:0px;--awb-padding-top:50px;--awb-padding-bottom:50px;--awb-margin-top:0px;--awb-margin-bottom:0px;--awb-flex-wrap:wrap;\" ><div class=\"fusion-builder-row fusion-row\"><div class=\"fusion-layout-column fusion_builder_column fusion-builder-column-2 fusion_builder_column_1_1 1_1 fusion-one-full fusion-column-first fusion-column-last\" style=\"--awb-padding-top:0px;--awb-padding-bottom:0px;--awb-bg-size:cover;--awb-margin-bottom:0px;\"><div class=\"fusion-column-wrapper fusion-flex-column-wrapper-legacy\"><p style=\"text-align: center;\">LEZ betalen \u00a9 Copyright <script>document.write(new Date().getFullYear());<\/script> - All Rights Reserved - Launched by <a href=\"https:\/\/majortom.be\" target=\"_blank\">Major Tom<\/a><br \/>\nIn collaboration with:<\/p><div class=\"fusion-image-element fusion-image-align-center in-legacy-container\" style=\"text-align:center;--awb-caption-title-font-family:var(--h2_typography-font-family);--awb-caption-title-font-weight:var(--h2_typography-font-weight);--awb-caption-title-font-style:var(--h2_typography-font-style);--awb-caption-title-size:var(--h2_typography-font-size);--awb-caption-title-transform:var(--h2_typography-text-transform);--awb-caption-title-line-height:var(--h2_typography-line-height);--awb-caption-title-letter-spacing:var(--h2_typography-letter-spacing);\"><div class=\"imageframe-align-center\"><span class=\" fusion-imageframe imageframe-none imageframe-1 hover-type-none\"><a class=\"fusion-no-lightbox\" href=\"https:\/\/modero.be\" target=\"_blank\" aria-label=\"Modero BASIS rgb\" rel=\"noopener noreferrer\"><img decoding=\"async\" width=\"300\" height=\"65\" alt=\"Modero\" src=\"https:\/\/lezbetalen.be\/wp-content\/uploads\/2019\/11\/Modero-BASIS-rgb-300x65.jpg\" class=\"img-responsive wp-image-2372\" srcset=\"https:\/\/lezbetalen.be\/wp-content\/uploads\/2019\/11\/Modero-BASIS-rgb-200x43.jpg 200w, https:\/\/lezbetalen.be\/wp-content\/uploads\/2019\/11\/Modero-BASIS-rgb-400x87.jpg 400w, https:\/\/lezbetalen.be\/wp-content\/uploads\/2019\/11\/Modero-BASIS-rgb-600x130.jpg 600w, https:\/\/lezbetalen.be\/wp-content\/uploads\/2019\/11\/Modero-BASIS-rgb-800x174.jpg 800w, https:\/\/lezbetalen.be\/wp-content\/uploads\/2019\/11\/Modero-BASIS-rgb.jpg 1064w\" sizes=\"(max-width: 800px) 100vw, 300px\" \/><\/a><\/span><\/div><\/div><div class=\"fusion-sep-clear\"><\/div><div class=\"fusion-separator fusion-full-width-sep\" style=\"margin-left: auto;margin-right: auto;margin-top:25px;width:100%;\"><div class=\"fusion-separator-border sep-double\" style=\"--awb-height:20px;--awb-amount:20px;border-color:#eaeaea;border-top-width:0px;border-bottom-width:0px;\"><\/div><\/div><div class=\"fusion-sep-clear\"><\/div><div class=\"fusion-image-element fusion-image-align-center in-legacy-container\" style=\"text-align:center;--awb-caption-title-font-family:var(--h2_typography-font-family);--awb-caption-title-font-weight:var(--h2_typography-font-weight);--awb-caption-title-font-style:var(--h2_typography-font-style);--awb-caption-title-size:var(--h2_typography-font-size);--awb-caption-title-transform:var(--h2_typography-text-transform);--awb-caption-title-line-height:var(--h2_typography-line-height);--awb-caption-title-letter-spacing:var(--h2_typography-letter-spacing);\"><div class=\"imageframe-align-center\"><span class=\" fusion-imageframe imageframe-none imageframe-2 hover-type-none\"><a class=\"fusion-no-lightbox\" href=\"https:\/\/www.antwerpen.be\" target=\"_blank\" aria-label=\"Antwerpen\" rel=\"noopener noreferrer\"><img decoding=\"async\" width=\"125\" height=\"125\" alt=\"Antwerpen\" src=\"https:\/\/lezbetalen.be\/wp-content\/uploads\/2018\/12\/Antwerpen.jpg\" class=\"img-responsive wp-image-2429\" srcset=\"https:\/\/lezbetalen.be\/wp-content\/uploads\/2018\/12\/Antwerpen-66x66.jpg 66w, https:\/\/lezbetalen.be\/wp-content\/uploads\/2018\/12\/Antwerpen.jpg 125w\" sizes=\"(max-width: 125px) 100vw, 125px\" \/><\/a><\/span><\/div><\/div><div class=\"fusion-clearfix\"><\/div><\/div><\/div><\/div><\/div>\n<\/p>\n","protected":false},"excerpt":{"rendered":"","protected":false},"author":7,"featured_media":0,"parent":0,"menu_order":0,"comment_status":"closed","ping_status":"closed","template":"100-width.php","meta":{"footnotes":""},"class_list":["post-2173","page","type-page","status-publish","hentry"],"yoast_head":"<!-- This site is optimized with the Yoast SEO plugin v27.3 - https:\/\/yoast.com\/product\/yoast-seo-wordpress\/ -->\n<title>Kontakt - LEZ<\/title>\n<meta name=\"robots\" content=\"index, follow, max-snippet:-1, max-image-preview:large, max-video-preview:-1\" \/>\n<link rel=\"canonical\" href=\"https:\/\/lezbetalen.be\/cs\/kontakt\/\" \/>\n<meta property=\"og:locale\" content=\"cs_CZ\" \/>\n<meta property=\"og:type\" content=\"article\" \/>\n<meta property=\"og:title\" content=\"Kontakt - LEZ\" \/>\n<meta property=\"og:url\" content=\"https:\/\/lezbetalen.be\/cs\/kontakt\/\" \/>\n<meta property=\"og:site_name\" content=\"LEZ\" \/>\n<meta property=\"article:modified_time\" content=\"2019-11-29T16:35:43+00:00\" \/>\n<meta name=\"twitter:card\" content=\"summary_large_image\" \/>\n<meta name=\"twitter:label1\" content=\"Odhadovan\u00e1 doba \u010dten\u00ed\" \/>\n\t<meta name=\"twitter:data1\" content=\"3 minuty\" \/>\n<script type=\"application\/ld+json\" class=\"yoast-schema-graph\">{\"@context\":\"https:\\\/\\\/schema.org\",\"@graph\":[{\"@type\":\"WebPage\",\"@id\":\"https:\\\/\\\/lezbetalen.be\\\/cs\\\/kontakt\\\/\",\"url\":\"https:\\\/\\\/lezbetalen.be\\\/cs\\\/kontakt\\\/\",\"name\":\"Kontakt - LEZ\",\"isPartOf\":{\"@id\":\"https:\\\/\\\/lezbetalen.be\\\/#website\"},\"datePublished\":\"2019-05-21T13:11:30+00:00\",\"dateModified\":\"2019-11-29T16:35:43+00:00\",\"breadcrumb\":{\"@id\":\"https:\\\/\\\/lezbetalen.be\\\/cs\\\/kontakt\\\/#breadcrumb\"},\"inLanguage\":\"cs\",\"potentialAction\":[{\"@type\":\"ReadAction\",\"target\":[\"https:\\\/\\\/lezbetalen.be\\\/cs\\\/kontakt\\\/\"]}]},{\"@type\":\"BreadcrumbList\",\"@id\":\"https:\\\/\\\/lezbetalen.be\\\/cs\\\/kontakt\\\/#breadcrumb\",\"itemListElement\":[{\"@type\":\"ListItem\",\"position\":1,\"name\":\"Home\",\"item\":\"https:\\\/\\\/lezbetalen.be\\\/cs\\\/\"},{\"@type\":\"ListItem\",\"position\":2,\"name\":\"Kontakt\"}]},{\"@type\":\"WebSite\",\"@id\":\"https:\\\/\\\/lezbetalen.be\\\/#website\",\"url\":\"https:\\\/\\\/lezbetalen.be\\\/\",\"name\":\"LEZ\",\"description\":\"\",\"potentialAction\":[{\"@type\":\"SearchAction\",\"target\":{\"@type\":\"EntryPoint\",\"urlTemplate\":\"https:\\\/\\\/lezbetalen.be\\\/?s={search_term_string}\"},\"query-input\":{\"@type\":\"PropertyValueSpecification\",\"valueRequired\":true,\"valueName\":\"search_term_string\"}}],\"inLanguage\":\"cs\"}]}<\/script>\n<!-- \/ Yoast SEO plugin. -->","yoast_head_json":{"title":"Kontakt - LEZ","robots":{"index":"index","follow":"follow","max-snippet":"max-snippet:-1","max-image-preview":"max-image-preview:large","max-video-preview":"max-video-preview:-1"},"canonical":"https:\/\/lezbetalen.be\/cs\/kontakt\/","og_locale":"cs_CZ","og_type":"article","og_title":"Kontakt - LEZ","og_url":"https:\/\/lezbetalen.be\/cs\/kontakt\/","og_site_name":"LEZ","article_modified_time":"2019-11-29T16:35:43+00:00","twitter_card":"summary_large_image","twitter_misc":{"Odhadovan\u00e1 doba \u010dten\u00ed":"3 minuty"},"schema":{"@context":"https:\/\/schema.org","@graph":[{"@type":"WebPage","@id":"https:\/\/lezbetalen.be\/cs\/kontakt\/","url":"https:\/\/lezbetalen.be\/cs\/kontakt\/","name":"Kontakt - LEZ","isPartOf":{"@id":"https:\/\/lezbetalen.be\/#website"},"datePublished":"2019-05-21T13:11:30+00:00","dateModified":"2019-11-29T16:35:43+00:00","breadcrumb":{"@id":"https:\/\/lezbetalen.be\/cs\/kontakt\/#breadcrumb"},"inLanguage":"cs","potentialAction":[{"@type":"ReadAction","target":["https:\/\/lezbetalen.be\/cs\/kontakt\/"]}]},{"@type":"BreadcrumbList","@id":"https:\/\/lezbetalen.be\/cs\/kontakt\/#breadcrumb","itemListElement":[{"@type":"ListItem","position":1,"name":"Home","item":"https:\/\/lezbetalen.be\/cs\/"},{"@type":"ListItem","position":2,"name":"Kontakt"}]},{"@type":"WebSite","@id":"https:\/\/lezbetalen.be\/#website","url":"https:\/\/lezbetalen.be\/","name":"LEZ","description":"","potentialAction":[{"@type":"SearchAction","target":{"@type":"EntryPoint","urlTemplate":"https:\/\/lezbetalen.be\/?s={search_term_string}"},"query-input":{"@type":"PropertyValueSpecification","valueRequired":true,"valueName":"search_term_string"}}],"inLanguage":"cs"}]}},"_links":{"self":[{"href":"https:\/\/lezbetalen.be\/cs\/wp-json\/wp\/v2\/pages\/2173","targetHints":{"allow":["GET"]}}],"collection":[{"href":"https:\/\/lezbetalen.be\/cs\/wp-json\/wp\/v2\/pages"}],"about":[{"href":"https:\/\/lezbetalen.be\/cs\/wp-json\/wp\/v2\/types\/page"}],"author":[{"embeddable":true,"href":"https:\/\/lezbetalen.be\/cs\/wp-json\/wp\/v2\/users\/7"}],"replies":[{"embeddable":true,"href":"https:\/\/lezbetalen.be\/cs\/wp-json\/wp\/v2\/comments?post=2173"}],"version-history":[{"count":3,"href":"https:\/\/lezbetalen.be\/cs\/wp-json\/wp\/v2\/pages\/2173\/revisions"}],"predecessor-version":[{"id":2430,"href":"https:\/\/lezbetalen.be\/cs\/wp-json\/wp\/v2\/pages\/2173\/revisions\/2430"}],"wp:attachment":[{"href":"https:\/\/lezbetalen.be\/cs\/wp-json\/wp\/v2\/media?parent=2173"}],"curies":[{"name":"wp","href":"https:\/\/api.w.org\/{rel}","templated":true}]}}