{"id":1373,"date":"2019-04-30T07:37:27","date_gmt":"2019-04-30T07:37:27","guid":{"rendered":"https:\/\/lezbetalen.be\/?page_id=1373"},"modified":"2020-03-23T13:23:08","modified_gmt":"2020-03-23T13:23:08","slug":"payer","status":"publish","type":"page","link":"https:\/\/lezbetalen.be\/fr\/payer\/","title":{"rendered":"Payer"},"content":{"rendered":"<p><div class=\"fusion-fullwidth fullwidth-box fusion-builder-row-1 fusion-parallax-none nonhundred-percent-fullwidth non-hundred-percent-height-scrolling\" style=\"--awb-background-position:right center;--awb-border-radius-top-left:0px;--awb-border-radius-top-right:0px;--awb-border-radius-bottom-right:0px;--awb-border-radius-bottom-left:0px;--awb-background-image:url(&quot;https:\/\/lezbetalen.be\/wp-content\/uploads\/2019\/11\/masantwerpen.jpg&quot;);--awb-background-size:cover;--awb-flex-wrap:wrap;\" ><div class=\"fusion-builder-row fusion-row\"><div class=\"fusion-layout-column fusion_builder_column fusion-builder-column-0 fusion_builder_column_1_1 1_1 fusion-one-full fusion-column-first fusion-column-last\" style=\"--awb-padding-top:250px;--awb-padding-bottom:250px;--awb-bg-size:cover;\"><div class=\"fusion-column-wrapper fusion-flex-column-wrapper-legacy\"><div class=\"fusion-clearfix\"><\/div><\/div><\/div><\/div><\/div>\n<div class=\"fusion-fullwidth fullwidth-box fusion-builder-row-2 nonhundred-percent-fullwidth non-hundred-percent-height-scrolling\" style=\"--awb-background-position:left top;--awb-border-radius-top-left:0px;--awb-border-radius-top-right:0px;--awb-border-radius-bottom-right:0px;--awb-border-radius-bottom-left:0px;--awb-padding-top:50px;--awb-padding-bottom:75px;--awb-background-color:#ffffff;--awb-border-sizes-top:0px;--awb-border-sizes-bottom:0px;--awb-flex-wrap:wrap;\" ><div class=\"fusion-builder-row fusion-row\"><div class=\"fusion-layout-column fusion_builder_column fusion-builder-column-1 fusion_builder_column_1_1 1_1 fusion-one-full fusion-column-first fusion-column-last\" style=\"--awb-padding-right:14%;--awb-padding-left:14%;--awb-bg-size:cover;--awb-margin-bottom:0px;\"><div class=\"fusion-column-wrapper fusion-flex-column-wrapper-legacy\"><div class=\"fusion-text fusion-text-1\"><h2 data-lineheight=\"38\" data-fontsize=\"30\" style=\"font-size: 28.156px; line-height: 35.665px;\">S\u2019enregistrer et payer pr\u00e9alablement<\/h2>\n<p>Les v\u00e9hicules \u00e9trangers doivent <strong>toujours \u00eatre enregistr\u00e9s pr\u00e9alablement<\/strong>. Vous pouvez vous enregistrer en ligne, sur l\u2019un des parcm\u00e8tres \u00e0 \u00e9cran tactile du centre-ville d\u2019Anvers ou sur un automate LEZ. Lisez tout \u00e0 ce sujet <a href=\"https:\/\/lezbetalen.be\/fr\/senregistrer\/\"><u>ici<\/u><\/a>.<\/p>\n<h2 data-lineheight=\"38\" data-fontsize=\"30\" style=\"font-size: 28.156px; line-height: 35.665px;\">L\u2019amende administrative<\/h2>\n<p>Si votre v\u00e9hicule \u00e9tranger n\u2019est pas valablement enregistr\u00e9, vous recevrez une amende administrative. Vous recevrez un <strong>courrier dans votre langue nationale<\/strong>. Vous devez payer cette amende. Si vous contestez l\u2019amende, vous pouvez introduire une objection. Remplissez \u00e0 cette fin le formulaire d\u2019objection joint au courrier. Votre contestation sera \u00e9valu\u00e9e par la Ville d\u2019Anvers et vous serez rapidement inform\u00e9 si elle a \u00e9t\u00e9 accept\u00e9e ou non. En cas d\u2019acceptation, l\u2019amende administrative \u00e9choit ; en cas de refus, vous devez toujours payer selon les instructions du courrier.<\/p>\n<h2 data-lineheight=\"38\" data-fontsize=\"30\" style=\"font-size: 28.156px; line-height: 35.665px;\">Comment payer ?<\/h2>\n<p><b>Avez-vous une plaque d&rsquo;immatriculation belge, n\u00e9erlandaise ou fran\u00e7aise?<\/b><br \/>\nLe recouvrement des amendes relatif \u00e0 l&rsquo;immatriculation belges, n\u00e9erlandaises et fran\u00e7aises est effectu\u00e9 par la ville d&rsquo;Anvers elle-m\u00eame. Apr\u00e8s votre infraction, vous avez re\u00e7u une lettre recommand\u00e9e de la ville d&rsquo;Anvers. Dans cette correspondance vous retrouvez les donn\u00e9es de paiement correctes.<\/p>\n<p><b>Avez-vous une autre plaque d&rsquo;immatriculation?<\/b><br \/>\nModero est charg\u00e9 de la perception des amendes pour les v\u00e9hicules d\u2019immatriculation \u00e9trang\u00e8re. Vous pouvez payer au moyen d&rsquo;un virement europ\u00e9en ou international sur le num\u00e9ro de compte indiqu\u00e9 dans le courrier que vous avez re\u00e7u de Modero. Veuillez indiquer votre num\u00e9ro de dossier en r\u00e9f\u00e9rence du virement.<\/p>\n<h2 data-lineheight=\"38\" data-fontsize=\"30\" style=\"font-size: 28.156px; line-height: 35.665px;\">Je ne paie pas ou en retard<\/h2>\n<p>Si vous ne payez pas dans le d\u00e9lai imparti et que vous n\u2019introduisez pas de contestation valable, votre dossier sera transmis \u00e0 un <strong>huissier de justice dans votre pays<\/strong>. Celui-ci vous demandera \u00e0 nouveau de payer l\u2019amende administrative.<\/p>\n<p>ATTENTION : des frais suppl\u00e9mentaires sont \u00e0 pr\u00e9voir. Il est donc important de payer \u00e0 temps.<\/p>\n<h2 data-lineheight=\"38\" data-fontsize=\"30\" style=\"font-size: 28.156px; line-height: 35.665px;\">Je conteste l\u2019amende<\/h2>\n<p>Si vous souhaitez contester l\u2019amende, remplissez le formulaire d\u2019objection joint au courrier. Tant que vous n\u2019avez pas re\u00e7u de r\u00e9ponse \u00e0 votre objection, vous ne devez rien payer.<\/p>\n<p>ATTENTION : vous devez envoyer votre <strong>objection par courrier recommand\u00e9<\/strong> et y joindre tous les justificatifs de votre argumentation. Votre objection doit nous parvenir <strong>dans les 30 jours<\/strong> ! Toute objection incorrecte, incompl\u00e8te ou tardive sera rejet\u00e9e. Consultez la <a href=\"https:\/\/lezbetalen.be\/fr\/faq\/\"><u>FAQ<\/u> <\/a>pour voir si vous pouvez contester valablement.<\/p>\n<p>Envoyez, par exemple, ces documents \u00e0 titre de justificatif :<\/p>\n<p>&#8211; toujours obligatoire : le certificat d\u2019immatriculation de votre v\u00e9hicule ;<br \/>\n&#8211; si disponible : le certificat de conformit\u00e9 europ\u00e9en ;<br \/>\n&#8211; en cas de norme Euro plus \u00e9lev\u00e9e : une preuve officielle, si elle n\u2019est pas attest\u00e9e par le certificat d\u2019immatriculation.<\/p>\n<\/div><div class=\"fusion-clearfix\"><\/div><\/div><\/div><\/div><\/div><div class=\"fusion-fullwidth fullwidth-box fusion-builder-row-3 footer-border nonhundred-percent-fullwidth non-hundred-percent-height-scrolling\" style=\"--awb-border-radius-top-left:0px;--awb-border-radius-top-right:0px;--awb-border-radius-bottom-right:0px;--awb-border-radius-bottom-left:0px;--awb-padding-top:50px;--awb-padding-bottom:50px;--awb-margin-top:0px;--awb-margin-bottom:0px;--awb-flex-wrap:wrap;\" ><div class=\"fusion-builder-row fusion-row\"><div class=\"fusion-layout-column fusion_builder_column fusion-builder-column-2 fusion_builder_column_1_1 1_1 fusion-one-full fusion-column-first fusion-column-last\" style=\"--awb-padding-top:0px;--awb-padding-bottom:0px;--awb-bg-size:cover;--awb-margin-bottom:0px;\"><div class=\"fusion-column-wrapper fusion-flex-column-wrapper-legacy\"><p style=\"text-align: center;\">LEZ betalen \u00a9 Copyright <script>document.write(new Date().getFullYear());<\/script> - All Rights Reserved - Launched by <a href=\"https:\/\/majortom.be\" target=\"_blank\">Major Tom<\/a><br \/>\nIn collaboration with:<\/p><div class=\"fusion-image-element fusion-image-align-center in-legacy-container\" style=\"text-align:center;--awb-caption-title-font-family:var(--h2_typography-font-family);--awb-caption-title-font-weight:var(--h2_typography-font-weight);--awb-caption-title-font-style:var(--h2_typography-font-style);--awb-caption-title-size:var(--h2_typography-font-size);--awb-caption-title-transform:var(--h2_typography-text-transform);--awb-caption-title-line-height:var(--h2_typography-line-height);--awb-caption-title-letter-spacing:var(--h2_typography-letter-spacing);\"><div class=\"imageframe-align-center\"><span class=\" fusion-imageframe imageframe-none imageframe-1 hover-type-none\"><a class=\"fusion-no-lightbox\" href=\"https:\/\/modero.be\" target=\"_blank\" aria-label=\"Modero BASIS rgb\" rel=\"noopener noreferrer\"><img decoding=\"async\" width=\"300\" height=\"65\" alt=\"Modero\" src=\"https:\/\/lezbetalen.be\/wp-content\/uploads\/2019\/11\/Modero-BASIS-rgb-300x65.jpg\" class=\"img-responsive wp-image-2374\" srcset=\"https:\/\/lezbetalen.be\/wp-content\/uploads\/2019\/11\/Modero-BASIS-rgb-200x43.jpg 200w, https:\/\/lezbetalen.be\/wp-content\/uploads\/2019\/11\/Modero-BASIS-rgb-400x87.jpg 400w, https:\/\/lezbetalen.be\/wp-content\/uploads\/2019\/11\/Modero-BASIS-rgb-600x130.jpg 600w, https:\/\/lezbetalen.be\/wp-content\/uploads\/2019\/11\/Modero-BASIS-rgb-800x174.jpg 800w, https:\/\/lezbetalen.be\/wp-content\/uploads\/2019\/11\/Modero-BASIS-rgb.jpg 1064w\" sizes=\"(max-width: 800px) 100vw, 300px\" \/><\/a><\/span><\/div><\/div><div class=\"fusion-sep-clear\"><\/div><div class=\"fusion-separator fusion-full-width-sep\" style=\"margin-left: auto;margin-right: auto;margin-top:25px;width:100%;\"><div class=\"fusion-separator-border sep-double\" style=\"--awb-height:20px;--awb-amount:20px;border-color:#eaeaea;border-top-width:0px;border-bottom-width:0px;\"><\/div><\/div><div class=\"fusion-sep-clear\"><\/div><div class=\"fusion-image-element fusion-image-align-center in-legacy-container\" style=\"text-align:center;--awb-caption-title-font-family:var(--h2_typography-font-family);--awb-caption-title-font-weight:var(--h2_typography-font-weight);--awb-caption-title-font-style:var(--h2_typography-font-style);--awb-caption-title-size:var(--h2_typography-font-size);--awb-caption-title-transform:var(--h2_typography-text-transform);--awb-caption-title-line-height:var(--h2_typography-line-height);--awb-caption-title-letter-spacing:var(--h2_typography-letter-spacing);\"><div class=\"imageframe-align-center\"><span class=\" fusion-imageframe imageframe-none imageframe-2 hover-type-none\"><a class=\"fusion-no-lightbox\" href=\"https:\/\/www.antwerpen.be\" target=\"_blank\" aria-label=\"Antwerpen\" rel=\"noopener noreferrer\"><img decoding=\"async\" width=\"125\" height=\"125\" alt=\"Antwerpen\" src=\"https:\/\/lezbetalen.be\/wp-content\/uploads\/2018\/12\/Antwerpen.jpg\" class=\"img-responsive wp-image-1295\" srcset=\"https:\/\/lezbetalen.be\/wp-content\/uploads\/2018\/12\/Antwerpen-66x66.jpg 66w, https:\/\/lezbetalen.be\/wp-content\/uploads\/2018\/12\/Antwerpen.jpg 125w\" sizes=\"(max-width: 125px) 100vw, 125px\" \/><\/a><\/span><\/div><\/div><div class=\"fusion-clearfix\"><\/div><\/div><\/div><\/div><\/div>\n<\/p>\n","protected":false},"excerpt":{"rendered":"","protected":false},"author":7,"featured_media":0,"parent":0,"menu_order":0,"comment_status":"closed","ping_status":"closed","template":"100-width.php","meta":{"footnotes":""},"class_list":["post-1373","page","type-page","status-publish","hentry"],"yoast_head":"<!-- This site is optimized with the Yoast SEO plugin v27.5 - https:\/\/yoast.com\/product\/yoast-seo-wordpress\/ -->\n<title>Payer - LEZ<\/title>\n<meta name=\"robots\" content=\"index, follow, max-snippet:-1, max-image-preview:large, max-video-preview:-1\" \/>\n<link rel=\"canonical\" href=\"https:\/\/lezbetalen.be\/fr\/payer\/\" \/>\n<meta property=\"og:locale\" content=\"fr_FR\" \/>\n<meta property=\"og:type\" content=\"article\" \/>\n<meta property=\"og:title\" content=\"Payer - LEZ\" \/>\n<meta property=\"og:url\" content=\"https:\/\/lezbetalen.be\/fr\/payer\/\" \/>\n<meta property=\"og:site_name\" content=\"LEZ\" \/>\n<meta property=\"article:modified_time\" content=\"2020-03-23T13:23:08+00:00\" \/>\n<meta name=\"twitter:card\" content=\"summary_large_image\" \/>\n<meta name=\"twitter:label1\" content=\"Dur\u00e9e de lecture estim\u00e9e\" \/>\n\t<meta name=\"twitter:data1\" content=\"3 minutes\" \/>\n<script type=\"application\/ld+json\" class=\"yoast-schema-graph\">{\"@context\":\"https:\\\/\\\/schema.org\",\"@graph\":[{\"@type\":\"WebPage\",\"@id\":\"https:\\\/\\\/lezbetalen.be\\\/fr\\\/payer\\\/\",\"url\":\"https:\\\/\\\/lezbetalen.be\\\/fr\\\/payer\\\/\",\"name\":\"Payer - LEZ\",\"isPartOf\":{\"@id\":\"https:\\\/\\\/lezbetalen.be\\\/#website\"},\"datePublished\":\"2019-04-30T07:37:27+00:00\",\"dateModified\":\"2020-03-23T13:23:08+00:00\",\"breadcrumb\":{\"@id\":\"https:\\\/\\\/lezbetalen.be\\\/fr\\\/payer\\\/#breadcrumb\"},\"inLanguage\":\"fr-FR\",\"potentialAction\":[{\"@type\":\"ReadAction\",\"target\":[\"https:\\\/\\\/lezbetalen.be\\\/fr\\\/payer\\\/\"]}]},{\"@type\":\"BreadcrumbList\",\"@id\":\"https:\\\/\\\/lezbetalen.be\\\/fr\\\/payer\\\/#breadcrumb\",\"itemListElement\":[{\"@type\":\"ListItem\",\"position\":1,\"name\":\"Home\",\"item\":\"https:\\\/\\\/lezbetalen.be\\\/fr\\\/\"},{\"@type\":\"ListItem\",\"position\":2,\"name\":\"Payer\"}]},{\"@type\":\"WebSite\",\"@id\":\"https:\\\/\\\/lezbetalen.be\\\/#website\",\"url\":\"https:\\\/\\\/lezbetalen.be\\\/\",\"name\":\"LEZ\",\"description\":\"\",\"potentialAction\":[{\"@type\":\"SearchAction\",\"target\":{\"@type\":\"EntryPoint\",\"urlTemplate\":\"https:\\\/\\\/lezbetalen.be\\\/?s={search_term_string}\"},\"query-input\":{\"@type\":\"PropertyValueSpecification\",\"valueRequired\":true,\"valueName\":\"search_term_string\"}}],\"inLanguage\":\"fr-FR\"}]}<\/script>\n<!-- \/ Yoast SEO plugin. -->","yoast_head_json":{"title":"Payer - LEZ","robots":{"index":"index","follow":"follow","max-snippet":"max-snippet:-1","max-image-preview":"max-image-preview:large","max-video-preview":"max-video-preview:-1"},"canonical":"https:\/\/lezbetalen.be\/fr\/payer\/","og_locale":"fr_FR","og_type":"article","og_title":"Payer - LEZ","og_url":"https:\/\/lezbetalen.be\/fr\/payer\/","og_site_name":"LEZ","article_modified_time":"2020-03-23T13:23:08+00:00","twitter_card":"summary_large_image","twitter_misc":{"Dur\u00e9e de lecture estim\u00e9e":"3 minutes"},"schema":{"@context":"https:\/\/schema.org","@graph":[{"@type":"WebPage","@id":"https:\/\/lezbetalen.be\/fr\/payer\/","url":"https:\/\/lezbetalen.be\/fr\/payer\/","name":"Payer - LEZ","isPartOf":{"@id":"https:\/\/lezbetalen.be\/#website"},"datePublished":"2019-04-30T07:37:27+00:00","dateModified":"2020-03-23T13:23:08+00:00","breadcrumb":{"@id":"https:\/\/lezbetalen.be\/fr\/payer\/#breadcrumb"},"inLanguage":"fr-FR","potentialAction":[{"@type":"ReadAction","target":["https:\/\/lezbetalen.be\/fr\/payer\/"]}]},{"@type":"BreadcrumbList","@id":"https:\/\/lezbetalen.be\/fr\/payer\/#breadcrumb","itemListElement":[{"@type":"ListItem","position":1,"name":"Home","item":"https:\/\/lezbetalen.be\/fr\/"},{"@type":"ListItem","position":2,"name":"Payer"}]},{"@type":"WebSite","@id":"https:\/\/lezbetalen.be\/#website","url":"https:\/\/lezbetalen.be\/","name":"LEZ","description":"","potentialAction":[{"@type":"SearchAction","target":{"@type":"EntryPoint","urlTemplate":"https:\/\/lezbetalen.be\/?s={search_term_string}"},"query-input":{"@type":"PropertyValueSpecification","valueRequired":true,"valueName":"search_term_string"}}],"inLanguage":"fr-FR"}]}},"_links":{"self":[{"href":"https:\/\/lezbetalen.be\/fr\/wp-json\/wp\/v2\/pages\/1373","targetHints":{"allow":["GET"]}}],"collection":[{"href":"https:\/\/lezbetalen.be\/fr\/wp-json\/wp\/v2\/pages"}],"about":[{"href":"https:\/\/lezbetalen.be\/fr\/wp-json\/wp\/v2\/types\/page"}],"author":[{"embeddable":true,"href":"https:\/\/lezbetalen.be\/fr\/wp-json\/wp\/v2\/users\/7"}],"replies":[{"embeddable":true,"href":"https:\/\/lezbetalen.be\/fr\/wp-json\/wp\/v2\/comments?post=1373"}],"version-history":[{"count":20,"href":"https:\/\/lezbetalen.be\/fr\/wp-json\/wp\/v2\/pages\/1373\/revisions"}],"predecessor-version":[{"id":2644,"href":"https:\/\/lezbetalen.be\/fr\/wp-json\/wp\/v2\/pages\/1373\/revisions\/2644"}],"wp:attachment":[{"href":"https:\/\/lezbetalen.be\/fr\/wp-json\/wp\/v2\/media?parent=1373"}],"curies":[{"name":"wp","href":"https:\/\/api.w.org\/{rel}","templated":true}]}}