{"id":1817,"date":"2019-05-20T10:51:34","date_gmt":"2019-05-20T10:51:34","guid":{"rendered":"https:\/\/lezbetalen.be\/?page_id=1817"},"modified":"2019-11-29T19:27:26","modified_gmt":"2019-11-29T19:27:26","slug":"kontaktai","status":"publish","type":"page","link":"https:\/\/lezbetalen.be\/lt\/kontaktai\/","title":{"rendered":"Kontaktai"},"content":{"rendered":"<p><div class=\"fusion-fullwidth fullwidth-box fusion-builder-row-1 fusion-parallax-none nonhundred-percent-fullwidth non-hundred-percent-height-scrolling\" style=\"--awb-background-position:right center;--awb-border-radius-top-left:0px;--awb-border-radius-top-right:0px;--awb-border-radius-bottom-right:0px;--awb-border-radius-bottom-left:0px;--awb-background-image:url(&quot;https:\/\/lezbetalen.be\/wp-content\/uploads\/2019\/11\/masantwerpen.jpg&quot;);--awb-background-size:cover;--awb-flex-wrap:wrap;\" ><div class=\"fusion-builder-row fusion-row\"><div class=\"fusion-layout-column fusion_builder_column fusion-builder-column-0 fusion_builder_column_1_1 1_1 fusion-one-full fusion-column-first fusion-column-last\" style=\"--awb-padding-top:250px;--awb-padding-bottom:250px;--awb-bg-size:cover;\"><div class=\"fusion-column-wrapper fusion-flex-column-wrapper-legacy\"><div class=\"fusion-clearfix\"><\/div><\/div><\/div><\/div><\/div>\n<div class=\"fusion-fullwidth fullwidth-box fusion-builder-row-2 nonhundred-percent-fullwidth non-hundred-percent-height-scrolling\" style=\"--awb-background-position:left top;--awb-border-radius-top-left:0px;--awb-border-radius-top-right:0px;--awb-border-radius-bottom-right:0px;--awb-border-radius-bottom-left:0px;--awb-padding-top:50px;--awb-padding-bottom:75px;--awb-background-color:#ffffff;--awb-border-sizes-top:0px;--awb-border-sizes-bottom:0px;--awb-flex-wrap:wrap;\" ><div class=\"fusion-builder-row fusion-row\"><div class=\"fusion-layout-column fusion_builder_column fusion-builder-column-1 fusion_builder_column_1_1 1_1 fusion-one-full fusion-column-first fusion-column-last\" style=\"--awb-padding-right:14%;--awb-padding-left:14%;--awb-bg-size:cover;--awb-margin-bottom:0px;\"><div class=\"fusion-column-wrapper fusion-flex-column-wrapper-legacy\"><div class=\"fusion-text fusion-text-1\"><p>LEZ bauda, kuri\u0105 gavote, yra <strong>administracin\u0117s proced\u016bros,<\/strong> kuri turi b\u016bti vykdoma ra\u0161tu, dalis. Tod\u0117l j\u016bs negalite jos teis\u0117tai u\u017egin\u010dyti telefonu, elektroniniu pa\u0161tu ar paprastu lai\u0161ku.<\/p>\n<h2>Kaip man i\u0161si\u0173sti u\u017egin\u010dijim\u0105?<\/h2>\n<p>Jei gavote LEZ baud\u0105, tame pa\u010diame lai\u0161ke j\u016bs radote ir prie\u0161taravimo form\u0105. U\u017epildykite j\u012f, pateikite visus priedus ir visk\u0105 i\u0161si\u0173skite pakankamai apmok\u0117tu <strong>registruotu lai\u0161ku<\/strong>:<\/p>\n<p>Stad Antverpen P\/A \u201cModero\u201c<br \/>\nMechelsesteenweg 203<br \/>\n2018 Antwerpen<br \/>\nBelgi\u00eb<\/p>\n<p>Nepamir\u0161kite lai\u0161ko pasira\u0161yti ir nurodyti viet\u0105 bei dat\u0105.<\/p>\n<h2>Kas vairavo j\u016bs\u0173 transporto priemon\u0119?<\/h2>\n<p>Jei \u012f LEZ zon\u0105 va\u017eiavote patys, prie\u0161taravimo form\u0105 reik\u0117s u\u017epildyti jums.<\/p>\n<p>Jei j\u016bs\u0173 automobil\u012f vairavo kas nors kitas, dokument\u0105 u\u017epildys \u0161is <strong>vairuotojas<\/strong>.<\/p>\n<p>D\u0116MESIO: jei vairavote ne pats, turite teis\u0119 nurodyti <strong>faktin\u012f vairuotoj\u0105<\/strong>. Papra\u0161ykite vairuotojo pripa\u017einti, kad jis j\u016bs\u0173 automobiliu \u012fva\u017eiavo \u012f LEZ zon\u0105. Tai padarysite, jei prie\u0161taravimo form\u0105 leisite pasira\u0161yti vairuotojui ir nusi\u0173site j\u0105 mums registruotu pa\u0161tu. Prie\u0161ingu atveju baud\u0105 prival\u0117site sumok\u0117ti j\u016bs kaip registracijos tur\u0117tojas. BET KURIUO ATVEJU atsi\u0173skite vairuotojo tapatyb\u0117s kortel\u0117s kopij\u0105.<\/p>\n<p>Jei tai <strong>transporto priemon\u0117<\/strong> su lizingo sutartimi, LEZ bauda i\u0161 prad\u017ei\u0173 bus adresuota lizingo bendrovei. Lizingo bendrov\u0117 turi kuo grei\u010diau nurodyti tikr\u0105j\u012f vairuotoj\u0105, atsi\u0173sdama kartu su prie\u0161taravimo forma lizingo sutart\u012f su visais lizingo tur\u0117tojo vardo ir adreso duomenimis. \u0160itokiu b\u016bdu pastarasis prisiims atsakomyb\u0119 ir tur\u0117s galimyb\u0119 u\u017egin\u010dyti baud\u0105.<\/p>\n<h2>Kaip galiu pareik\u0161ti prie\u0161taravim\u0105?<\/h2>\n<p>Apibr\u0117\u017ekite kaip galima konkre\u010diau, kam prie\u0161taraujate ir kod\u0117l Antverpeno miestas tur\u0117t\u0173 prie\u0161taravim\u0105 palaikyti. Kiek \u012fmanoma ai\u0161kiau nurodykite viet\u0105, laik\u0105 ir aplinkybes. Kuo tiksliau apib\u016bdinkite eismo situacijas pa\u010diame mieste. Pateikite patenkinamas, ai\u0161kiai \u012fskaitomas kopijas liudijim\u0173, patvirtinan\u010di\u0173 j\u016bs\u0173 argumentus. Per\u017evelkite <u><a href=\"https:\/\/lezbetalen.be\/lt\/faq\/\">DUK<\/a>,<\/u> kur galb\u016bt rasite jums tinkam\u0105 prie\u0161taravim\u0105, ir <strong>kuo ai\u0161kiau j\u012f i\u0161d\u0117stykite!<\/strong><\/p>\n<h2>Kada man i\u0161si\u0173sti prie\u0161taravim\u0105?<\/h2>\n<p>Kaip \u012fmanoma grei\u010diau. J\u016bs\u0173 prie\u0161taravimas turi b\u016bti gautas <strong>per 30 dien\u0173<\/strong>. Kad j\u016bs\u0173 lai\u0161kas mus pasiekt\u0173 laiku, atsi\u017evelkite \u012f tai, kad \u012f Belgij\u0105 jis keliaus kelias dienas, Deja, pav\u0117luotas prie\u0161taravimas negali b\u016bti priimtas.<\/p>\n<\/div><div class=\"fusion-clearfix\"><\/div><\/div><\/div><\/div><\/div><div class=\"fusion-fullwidth fullwidth-box fusion-builder-row-3 footer-border nonhundred-percent-fullwidth non-hundred-percent-height-scrolling\" style=\"--awb-border-radius-top-left:0px;--awb-border-radius-top-right:0px;--awb-border-radius-bottom-right:0px;--awb-border-radius-bottom-left:0px;--awb-padding-top:50px;--awb-padding-bottom:50px;--awb-margin-top:0px;--awb-margin-bottom:0px;--awb-flex-wrap:wrap;\" ><div class=\"fusion-builder-row fusion-row\"><div class=\"fusion-layout-column fusion_builder_column fusion-builder-column-2 fusion_builder_column_1_1 1_1 fusion-one-full fusion-column-first fusion-column-last\" style=\"--awb-padding-top:0px;--awb-padding-bottom:0px;--awb-bg-size:cover;--awb-margin-bottom:0px;\"><div class=\"fusion-column-wrapper fusion-flex-column-wrapper-legacy\"><p style=\"text-align: center;\">LEZ betalen \u00a9 Copyright <script>document.write(new Date().getFullYear());<\/script> - All Rights Reserved - Launched by <a href=\"https:\/\/majortom.be\" target=\"_blank\">Major Tom<\/a><br \/>\nIn collaboration with:<\/p><div class=\"fusion-image-element fusion-image-align-center in-legacy-container\" style=\"text-align:center;--awb-caption-title-font-family:var(--h2_typography-font-family);--awb-caption-title-font-weight:var(--h2_typography-font-weight);--awb-caption-title-font-style:var(--h2_typography-font-style);--awb-caption-title-size:var(--h2_typography-font-size);--awb-caption-title-transform:var(--h2_typography-text-transform);--awb-caption-title-line-height:var(--h2_typography-line-height);--awb-caption-title-letter-spacing:var(--h2_typography-letter-spacing);\"><div class=\"imageframe-align-center\"><span class=\" fusion-imageframe imageframe-none imageframe-1 hover-type-none\"><a class=\"fusion-no-lightbox\" href=\"https:\/\/modero.be\" target=\"_blank\" aria-label=\"Modero BASIS rgb\" rel=\"noopener noreferrer\"><img decoding=\"async\" width=\"300\" height=\"65\" alt=\"Modero\" src=\"https:\/\/lezbetalen.be\/wp-content\/uploads\/2019\/11\/Modero-BASIS-rgb-300x65.jpg\" class=\"img-responsive wp-image-2379\" srcset=\"https:\/\/lezbetalen.be\/wp-content\/uploads\/2019\/11\/Modero-BASIS-rgb-200x43.jpg 200w, https:\/\/lezbetalen.be\/wp-content\/uploads\/2019\/11\/Modero-BASIS-rgb-400x87.jpg 400w, https:\/\/lezbetalen.be\/wp-content\/uploads\/2019\/11\/Modero-BASIS-rgb-600x130.jpg 600w, https:\/\/lezbetalen.be\/wp-content\/uploads\/2019\/11\/Modero-BASIS-rgb-800x174.jpg 800w, https:\/\/lezbetalen.be\/wp-content\/uploads\/2019\/11\/Modero-BASIS-rgb.jpg 1064w\" sizes=\"(max-width: 800px) 100vw, 300px\" \/><\/a><\/span><\/div><\/div><div class=\"fusion-sep-clear\"><\/div><div class=\"fusion-separator fusion-full-width-sep\" style=\"margin-left: auto;margin-right: auto;margin-top:25px;width:100%;\"><div class=\"fusion-separator-border sep-double\" style=\"--awb-height:20px;--awb-amount:20px;border-color:#eaeaea;border-top-width:0px;border-bottom-width:0px;\"><\/div><\/div><div class=\"fusion-sep-clear\"><\/div><div class=\"fusion-image-element fusion-image-align-center in-legacy-container\" style=\"text-align:center;--awb-caption-title-font-family:var(--h2_typography-font-family);--awb-caption-title-font-weight:var(--h2_typography-font-weight);--awb-caption-title-font-style:var(--h2_typography-font-style);--awb-caption-title-size:var(--h2_typography-font-size);--awb-caption-title-transform:var(--h2_typography-text-transform);--awb-caption-title-line-height:var(--h2_typography-line-height);--awb-caption-title-letter-spacing:var(--h2_typography-letter-spacing);\"><div class=\"imageframe-align-center\"><span class=\" fusion-imageframe imageframe-none imageframe-2 hover-type-none\"><a class=\"fusion-no-lightbox\" href=\"https:\/\/www.antwerpen.be\" target=\"_blank\" aria-label=\"Antwerpen\" rel=\"noopener noreferrer\"><img decoding=\"async\" width=\"125\" height=\"125\" alt=\"Antwerpen\" src=\"https:\/\/lezbetalen.be\/wp-content\/uploads\/2018\/12\/Antwerpen.jpg\" class=\"img-responsive wp-image-2558\" srcset=\"https:\/\/lezbetalen.be\/wp-content\/uploads\/2018\/12\/Antwerpen-66x66.jpg 66w, https:\/\/lezbetalen.be\/wp-content\/uploads\/2018\/12\/Antwerpen.jpg 125w\" sizes=\"(max-width: 125px) 100vw, 125px\" \/><\/a><\/span><\/div><\/div><div class=\"fusion-clearfix\"><\/div><\/div><\/div><\/div><\/div>\n<\/p>\n","protected":false},"excerpt":{"rendered":"","protected":false},"author":7,"featured_media":0,"parent":0,"menu_order":0,"comment_status":"closed","ping_status":"closed","template":"100-width.php","meta":{"footnotes":""},"class_list":["post-1817","page","type-page","status-publish","hentry"],"yoast_head":"<!-- This site is optimized with the Yoast SEO plugin v27.5 - https:\/\/yoast.com\/product\/yoast-seo-wordpress\/ -->\n<title>Kontaktai - LEZ<\/title>\n<meta name=\"robots\" content=\"index, follow, max-snippet:-1, max-image-preview:large, max-video-preview:-1\" \/>\n<link rel=\"canonical\" href=\"https:\/\/lezbetalen.be\/lt\/kontaktai\/\" \/>\n<meta property=\"og:locale\" content=\"lt_LT\" \/>\n<meta property=\"og:type\" content=\"article\" \/>\n<meta property=\"og:title\" content=\"Kontaktai - LEZ\" \/>\n<meta property=\"og:url\" content=\"https:\/\/lezbetalen.be\/lt\/kontaktai\/\" \/>\n<meta property=\"og:site_name\" content=\"LEZ\" \/>\n<meta property=\"article:modified_time\" content=\"2019-11-29T19:27:26+00:00\" \/>\n<meta name=\"twitter:card\" content=\"summary_large_image\" \/>\n<meta name=\"twitter:label1\" content=\"Est. reading time\" \/>\n\t<meta name=\"twitter:data1\" content=\"3 minut\u0117s\" \/>\n<script type=\"application\/ld+json\" class=\"yoast-schema-graph\">{\"@context\":\"https:\\\/\\\/schema.org\",\"@graph\":[{\"@type\":\"WebPage\",\"@id\":\"https:\\\/\\\/lezbetalen.be\\\/lt\\\/kontaktai\\\/\",\"url\":\"https:\\\/\\\/lezbetalen.be\\\/lt\\\/kontaktai\\\/\",\"name\":\"Kontaktai - LEZ\",\"isPartOf\":{\"@id\":\"https:\\\/\\\/lezbetalen.be\\\/#website\"},\"datePublished\":\"2019-05-20T10:51:34+00:00\",\"dateModified\":\"2019-11-29T19:27:26+00:00\",\"breadcrumb\":{\"@id\":\"https:\\\/\\\/lezbetalen.be\\\/lt\\\/kontaktai\\\/#breadcrumb\"},\"inLanguage\":\"lt-LT\",\"potentialAction\":[{\"@type\":\"ReadAction\",\"target\":[\"https:\\\/\\\/lezbetalen.be\\\/lt\\\/kontaktai\\\/\"]}]},{\"@type\":\"BreadcrumbList\",\"@id\":\"https:\\\/\\\/lezbetalen.be\\\/lt\\\/kontaktai\\\/#breadcrumb\",\"itemListElement\":[{\"@type\":\"ListItem\",\"position\":1,\"name\":\"Home\",\"item\":\"https:\\\/\\\/lezbetalen.be\\\/lt\\\/\"},{\"@type\":\"ListItem\",\"position\":2,\"name\":\"Kontaktai\"}]},{\"@type\":\"WebSite\",\"@id\":\"https:\\\/\\\/lezbetalen.be\\\/#website\",\"url\":\"https:\\\/\\\/lezbetalen.be\\\/\",\"name\":\"LEZ\",\"description\":\"\",\"potentialAction\":[{\"@type\":\"SearchAction\",\"target\":{\"@type\":\"EntryPoint\",\"urlTemplate\":\"https:\\\/\\\/lezbetalen.be\\\/?s={search_term_string}\"},\"query-input\":{\"@type\":\"PropertyValueSpecification\",\"valueRequired\":true,\"valueName\":\"search_term_string\"}}],\"inLanguage\":\"lt-LT\"}]}<\/script>\n<!-- \/ Yoast SEO plugin. -->","yoast_head_json":{"title":"Kontaktai - LEZ","robots":{"index":"index","follow":"follow","max-snippet":"max-snippet:-1","max-image-preview":"max-image-preview:large","max-video-preview":"max-video-preview:-1"},"canonical":"https:\/\/lezbetalen.be\/lt\/kontaktai\/","og_locale":"lt_LT","og_type":"article","og_title":"Kontaktai - LEZ","og_url":"https:\/\/lezbetalen.be\/lt\/kontaktai\/","og_site_name":"LEZ","article_modified_time":"2019-11-29T19:27:26+00:00","twitter_card":"summary_large_image","twitter_misc":{"Est. reading time":"3 minut\u0117s"},"schema":{"@context":"https:\/\/schema.org","@graph":[{"@type":"WebPage","@id":"https:\/\/lezbetalen.be\/lt\/kontaktai\/","url":"https:\/\/lezbetalen.be\/lt\/kontaktai\/","name":"Kontaktai - LEZ","isPartOf":{"@id":"https:\/\/lezbetalen.be\/#website"},"datePublished":"2019-05-20T10:51:34+00:00","dateModified":"2019-11-29T19:27:26+00:00","breadcrumb":{"@id":"https:\/\/lezbetalen.be\/lt\/kontaktai\/#breadcrumb"},"inLanguage":"lt-LT","potentialAction":[{"@type":"ReadAction","target":["https:\/\/lezbetalen.be\/lt\/kontaktai\/"]}]},{"@type":"BreadcrumbList","@id":"https:\/\/lezbetalen.be\/lt\/kontaktai\/#breadcrumb","itemListElement":[{"@type":"ListItem","position":1,"name":"Home","item":"https:\/\/lezbetalen.be\/lt\/"},{"@type":"ListItem","position":2,"name":"Kontaktai"}]},{"@type":"WebSite","@id":"https:\/\/lezbetalen.be\/#website","url":"https:\/\/lezbetalen.be\/","name":"LEZ","description":"","potentialAction":[{"@type":"SearchAction","target":{"@type":"EntryPoint","urlTemplate":"https:\/\/lezbetalen.be\/?s={search_term_string}"},"query-input":{"@type":"PropertyValueSpecification","valueRequired":true,"valueName":"search_term_string"}}],"inLanguage":"lt-LT"}]}},"_links":{"self":[{"href":"https:\/\/lezbetalen.be\/lt\/wp-json\/wp\/v2\/pages\/1817","targetHints":{"allow":["GET"]}}],"collection":[{"href":"https:\/\/lezbetalen.be\/lt\/wp-json\/wp\/v2\/pages"}],"about":[{"href":"https:\/\/lezbetalen.be\/lt\/wp-json\/wp\/v2\/types\/page"}],"author":[{"embeddable":true,"href":"https:\/\/lezbetalen.be\/lt\/wp-json\/wp\/v2\/users\/7"}],"replies":[{"embeddable":true,"href":"https:\/\/lezbetalen.be\/lt\/wp-json\/wp\/v2\/comments?post=1817"}],"version-history":[{"count":3,"href":"https:\/\/lezbetalen.be\/lt\/wp-json\/wp\/v2\/pages\/1817\/revisions"}],"predecessor-version":[{"id":2529,"href":"https:\/\/lezbetalen.be\/lt\/wp-json\/wp\/v2\/pages\/1817\/revisions\/2529"}],"wp:attachment":[{"href":"https:\/\/lezbetalen.be\/lt\/wp-json\/wp\/v2\/media?parent=1817"}],"curies":[{"name":"wp","href":"https:\/\/api.w.org\/{rel}","templated":true}]}}