{"id":1749,"date":"2019-05-03T13:43:33","date_gmt":"2019-05-03T13:43:33","guid":{"rendered":"https:\/\/lezbetalen.be\/?page_id=1749"},"modified":"2019-11-29T19:25:40","modified_gmt":"2019-11-29T19:25:40","slug":"sazinaties","status":"publish","type":"page","link":"https:\/\/lezbetalen.be\/lv\/sazinaties\/","title":{"rendered":"Sazin\u0101ties"},"content":{"rendered":"<p><div class=\"fusion-fullwidth fullwidth-box fusion-builder-row-1 fusion-parallax-none nonhundred-percent-fullwidth non-hundred-percent-height-scrolling\" style=\"--awb-background-position:right center;--awb-border-radius-top-left:0px;--awb-border-radius-top-right:0px;--awb-border-radius-bottom-right:0px;--awb-border-radius-bottom-left:0px;--awb-background-image:url(&quot;https:\/\/lezbetalen.be\/wp-content\/uploads\/2019\/11\/masantwerpen.jpg&quot;);--awb-background-size:cover;--awb-flex-wrap:wrap;\" ><div class=\"fusion-builder-row fusion-row\"><div class=\"fusion-layout-column fusion_builder_column fusion-builder-column-0 fusion_builder_column_1_1 1_1 fusion-one-full fusion-column-first fusion-column-last\" style=\"--awb-padding-top:250px;--awb-padding-bottom:250px;--awb-bg-size:cover;\"><div class=\"fusion-column-wrapper fusion-flex-column-wrapper-legacy\"><div class=\"fusion-clearfix\"><\/div><\/div><\/div><\/div><\/div>\n<div class=\"fusion-fullwidth fullwidth-box fusion-builder-row-2 nonhundred-percent-fullwidth non-hundred-percent-height-scrolling\" style=\"--awb-background-position:left top;--awb-border-radius-top-left:0px;--awb-border-radius-top-right:0px;--awb-border-radius-bottom-right:0px;--awb-border-radius-bottom-left:0px;--awb-padding-top:50px;--awb-padding-bottom:75px;--awb-background-color:#ffffff;--awb-border-sizes-top:0px;--awb-border-sizes-bottom:0px;--awb-flex-wrap:wrap;\" ><div class=\"fusion-builder-row fusion-row\"><div class=\"fusion-layout-column fusion_builder_column fusion-builder-column-1 fusion_builder_column_1_1 1_1 fusion-one-full fusion-column-first fusion-column-last\" style=\"--awb-padding-right:14%;--awb-padding-left:14%;--awb-bg-size:cover;--awb-margin-bottom:0px;\"><div class=\"fusion-column-wrapper fusion-flex-column-wrapper-legacy\"><div class=\"fusion-text fusion-text-1\"><p>Uz j\u016bsu sa\u0146emto LEZ sodu attiecin\u0101ma <strong>administrat\u012bv\u0101 k\u0101rt\u012bba<\/strong>, kas tiek k\u0101rtota tikai un vien\u012bgi rakstiski. T\u0101d\u0113\u013c j\u016bsu apstr\u012bd\u0113jums pa t\u0101lruni, e-pastu vai parast\u0101 v\u0113stul\u0113 neb\u016bs sp\u0113k\u0101.<\/p>\n<h2>K\u0101 nos\u016bt\u012bt apstr\u012bd\u0113jumu?<\/h2>\n<p>Sa\u0146emot LEZ sodu, j\u016bs v\u0113stul\u0113 atrad\u012bsiet ar\u012b iebildumu veidlapu. T\u0101 jums ir j\u0101aizpilda, j\u0101pievieno tai visi pielikumi un j\u0101nos\u016bta iepriek\u0161 apmaks\u0101t\u0101 <strong>ierakst\u012bt\u0101 v\u0113stul\u0113<\/strong> adres\u0101tam:<\/p>\n<p>Stad Antwerpen P\/A Modero<br \/>\nMechelsesteenweg 203<br \/>\n2018 Antwerpen<br \/>\nBe\u013c\u0123ija<\/p>\n<p>Neaizmirstiet parakst\u012bt v\u0113stuli, k\u0101 ar\u012b nor\u0101d\u012bt vietu un datumu.<\/p>\n<h2>Kur\u0161 brauca ar manu transportl\u012bdzekli?<\/h2>\n<p>Ja LEZ iebrauc\u0101t j\u016bs, tad iebildumu veidlapa j\u0101aizpilda jums.<\/p>\n<p>Ja j\u016bsu transportl\u012bdzekli vad\u012bja cita persona, tad \u0161is dokuments ir j\u0101aizpilda \u0161im <strong>vad\u012bt\u0101jam<\/strong>.<\/p>\n<p>UZMAN\u012aBU! Ja j\u016bs nevad\u012bj\u0101t attiec\u012bgo transportl\u012bdzekli, jums ir ties\u012bbas sniegt inform\u0101ciju par <strong>faktisko vad\u012bt\u0101ju<\/strong>. Lai to izdar\u012btu, l\u016bdziet vad\u012bt\u0101ju apliecin\u0101t, ka vi\u0146\u0161 iebrauca LEZ ar j\u016bsu transportl\u012bdzekli. Tas iesp\u0113jams, vad\u012bt\u0101jam parakstot iebildumu veidlapu un nos\u016btot to mums ierakst\u012bt\u0101 v\u0113stul\u0113. Pret\u0113j\u0101 gad\u012bjum\u0101 sodu b\u016bsiet par\u0101d\u0101 j\u016bs k\u0101 numura z\u012bmes \u012bpa\u0161nieks. VIENM\u0112R pievienojiet ar\u012b vad\u012bt\u0101ja ID karti.<\/p>\n<p>Ja runa ir par <strong>l\u012bzing\u0101 nodotu<\/strong> <strong>transportl\u012bdzekli<\/strong>, LEZ sods no s\u0101kuma tiek noteikts l\u012bzinga sabiedr\u012bbai. L\u012bzinga sabiedr\u012bbai p\u0113c iesp\u0113jas \u0101tr\u0101k j\u0101inform\u0113 par faktisko vad\u012bt\u0101ju, iebildumu veidlapai pievienojot l\u012bzinga l\u012bgumu ar inform\u0101ciju par l\u012bzinga \u0146\u0113m\u0113ja v\u0101rdu, uzv\u0101rdu un adresi. T\u0101d\u0113j\u0101di sods tiek attiecin\u0101ts uz l\u012bzinga \u0146\u0113m\u0113ju un tam ir iesp\u0113ja apstr\u012bd\u0113t sodu.<\/p>\n<h2>K\u0101 iesniegt iebildumus?<\/h2>\n<p>Skaidri aprakstiet iesniedzamos iebildumus un iemeslus, k\u0101d\u0113\u013c Antverpenes pa\u0161vald\u012bbai tie b\u016btu j\u0101izskata. Nor\u0101diet vietu, laiku un apst\u0101k\u013cus cik prec\u012bzi vien iesp\u0113jams. Ar\u012b situ\u0101cija pils\u0113t\u0101 j\u0101apraksta p\u0113c iesp\u0113jas prec\u012bz\u0101k. Iesniedziet pietiekami skaidri salas\u0101mas j\u016bsu argumentus pamatojo\u0161u dokumentu kopijas. P\u0101rbaudiet, vai <a href=\"https:\/\/lezbetalen.be\/lv\/faq\/\"><u>FAQ<\/u> <\/a>nav min\u0113ti j\u016bsu iebildumiem l\u012bdz\u012bgi gad\u012bjumi, un <strong>rakstiet cik skaidri vien iesp\u0113jams!<\/strong><\/p>\n<h2>Kad man iebildumi ir j\u0101nos\u016bta?<\/h2>\n<p>P\u0113c iesp\u0113jas \u0101tr\u0101k. Mums ir j\u0101sa\u0146em j\u016bsu iebildumi <strong>30 dienu laik\u0101<\/strong>. Lai j\u016bsu v\u0113stule m\u016bs sasniegtu laik\u0101, r\u0113\u0137inieties ar to, ka s\u016bt\u012b\u0161ana uz Be\u013c\u0123iju aiz\u0146ems vair\u0101kas dienas. Kav\u0113tu apstr\u012bd\u0113jumu m\u0113s diem\u017e\u0113l nevaram pie\u0146emt.<\/p>\n<\/div><div class=\"fusion-clearfix\"><\/div><\/div><\/div><\/div><\/div><div class=\"fusion-fullwidth fullwidth-box fusion-builder-row-3 footer-border nonhundred-percent-fullwidth non-hundred-percent-height-scrolling\" style=\"--awb-border-radius-top-left:0px;--awb-border-radius-top-right:0px;--awb-border-radius-bottom-right:0px;--awb-border-radius-bottom-left:0px;--awb-padding-top:50px;--awb-padding-bottom:50px;--awb-margin-top:0px;--awb-margin-bottom:0px;--awb-flex-wrap:wrap;\" ><div class=\"fusion-builder-row fusion-row\"><div class=\"fusion-layout-column fusion_builder_column fusion-builder-column-2 fusion_builder_column_1_1 1_1 fusion-one-full fusion-column-first fusion-column-last\" style=\"--awb-padding-top:0px;--awb-padding-bottom:0px;--awb-bg-size:cover;--awb-margin-bottom:0px;\"><div class=\"fusion-column-wrapper fusion-flex-column-wrapper-legacy\"><p style=\"text-align: center;\">LEZ betalen \u00a9 Copyright <script>document.write(new Date().getFullYear());<\/script> - All Rights Reserved - Launched by <a href=\"https:\/\/majortom.be\" target=\"_blank\">Major Tom<\/a><br \/>\nIn collaboration with:<\/p><div class=\"fusion-image-element fusion-image-align-center in-legacy-container\" style=\"text-align:center;--awb-caption-title-font-family:var(--h2_typography-font-family);--awb-caption-title-font-weight:var(--h2_typography-font-weight);--awb-caption-title-font-style:var(--h2_typography-font-style);--awb-caption-title-size:var(--h2_typography-font-size);--awb-caption-title-transform:var(--h2_typography-text-transform);--awb-caption-title-line-height:var(--h2_typography-line-height);--awb-caption-title-letter-spacing:var(--h2_typography-letter-spacing);\"><div class=\"imageframe-align-center\"><span class=\" fusion-imageframe imageframe-none imageframe-1 hover-type-none\"><a class=\"fusion-no-lightbox\" href=\"https:\/\/modero.be\" target=\"_blank\" aria-label=\"Modero BASIS rgb\" rel=\"noopener noreferrer\"><img decoding=\"async\" width=\"300\" height=\"65\" alt=\"Modero\" src=\"https:\/\/lezbetalen.be\/wp-content\/uploads\/2019\/11\/Modero-BASIS-rgb-300x65.jpg\" class=\"img-responsive wp-image-2378\" srcset=\"https:\/\/lezbetalen.be\/wp-content\/uploads\/2019\/11\/Modero-BASIS-rgb-200x43.jpg 200w, https:\/\/lezbetalen.be\/wp-content\/uploads\/2019\/11\/Modero-BASIS-rgb-400x87.jpg 400w, https:\/\/lezbetalen.be\/wp-content\/uploads\/2019\/11\/Modero-BASIS-rgb-600x130.jpg 600w, https:\/\/lezbetalen.be\/wp-content\/uploads\/2019\/11\/Modero-BASIS-rgb-800x174.jpg 800w, https:\/\/lezbetalen.be\/wp-content\/uploads\/2019\/11\/Modero-BASIS-rgb.jpg 1064w\" sizes=\"(max-width: 800px) 100vw, 300px\" \/><\/a><\/span><\/div><\/div><div class=\"fusion-sep-clear\"><\/div><div class=\"fusion-separator fusion-full-width-sep\" style=\"margin-left: auto;margin-right: auto;margin-top:25px;width:100%;\"><div class=\"fusion-separator-border sep-double\" style=\"--awb-height:20px;--awb-amount:20px;border-color:#eaeaea;border-top-width:0px;border-bottom-width:0px;\"><\/div><\/div><div class=\"fusion-sep-clear\"><\/div><div class=\"fusion-image-element fusion-image-align-center in-legacy-container\" style=\"text-align:center;--awb-caption-title-font-family:var(--h2_typography-font-family);--awb-caption-title-font-weight:var(--h2_typography-font-weight);--awb-caption-title-font-style:var(--h2_typography-font-style);--awb-caption-title-size:var(--h2_typography-font-size);--awb-caption-title-transform:var(--h2_typography-text-transform);--awb-caption-title-line-height:var(--h2_typography-line-height);--awb-caption-title-letter-spacing:var(--h2_typography-letter-spacing);\"><div class=\"imageframe-align-center\"><span class=\" fusion-imageframe imageframe-none imageframe-2 hover-type-none\"><a class=\"fusion-no-lightbox\" href=\"https:\/\/www.antwerpen.be\" target=\"_blank\" aria-label=\"Antwerpen\" rel=\"noopener noreferrer\"><img decoding=\"async\" width=\"125\" height=\"125\" alt=\"Antwerpen\" src=\"https:\/\/lezbetalen.be\/wp-content\/uploads\/2018\/12\/Antwerpen.jpg\" class=\"img-responsive wp-image-2554\" srcset=\"https:\/\/lezbetalen.be\/wp-content\/uploads\/2018\/12\/Antwerpen-66x66.jpg 66w, https:\/\/lezbetalen.be\/wp-content\/uploads\/2018\/12\/Antwerpen.jpg 125w\" sizes=\"(max-width: 125px) 100vw, 125px\" \/><\/a><\/span><\/div><\/div><div class=\"fusion-clearfix\"><\/div><\/div><\/div><\/div><\/div>\n<\/p>\n","protected":false},"excerpt":{"rendered":"","protected":false},"author":7,"featured_media":0,"parent":0,"menu_order":0,"comment_status":"closed","ping_status":"closed","template":"100-width.php","meta":{"footnotes":""},"class_list":["post-1749","page","type-page","status-publish","hentry"],"yoast_head":"<!-- This site is optimized with the Yoast SEO plugin v27.3 - https:\/\/yoast.com\/product\/yoast-seo-wordpress\/ -->\n<title>Sazin\u0101ties - LEZ<\/title>\n<meta name=\"robots\" content=\"index, follow, max-snippet:-1, max-image-preview:large, max-video-preview:-1\" \/>\n<link rel=\"canonical\" href=\"https:\/\/lezbetalen.be\/lv\/sazinaties\/\" \/>\n<meta property=\"og:locale\" content=\"lv_LV\" \/>\n<meta property=\"og:type\" content=\"article\" \/>\n<meta property=\"og:title\" content=\"Sazin\u0101ties - LEZ\" \/>\n<meta property=\"og:url\" content=\"https:\/\/lezbetalen.be\/lv\/sazinaties\/\" \/>\n<meta property=\"og:site_name\" content=\"LEZ\" \/>\n<meta property=\"article:modified_time\" content=\"2019-11-29T19:25:40+00:00\" \/>\n<meta name=\"twitter:card\" content=\"summary_large_image\" \/>\n<meta name=\"twitter:label1\" content=\"Est. reading time\" \/>\n\t<meta name=\"twitter:data1\" content=\"3 minutes\" \/>\n<script type=\"application\/ld+json\" class=\"yoast-schema-graph\">{\"@context\":\"https:\\\/\\\/schema.org\",\"@graph\":[{\"@type\":\"WebPage\",\"@id\":\"https:\\\/\\\/lezbetalen.be\\\/lv\\\/sazinaties\\\/\",\"url\":\"https:\\\/\\\/lezbetalen.be\\\/lv\\\/sazinaties\\\/\",\"name\":\"Sazin\u0101ties - LEZ\",\"isPartOf\":{\"@id\":\"https:\\\/\\\/lezbetalen.be\\\/#website\"},\"datePublished\":\"2019-05-03T13:43:33+00:00\",\"dateModified\":\"2019-11-29T19:25:40+00:00\",\"breadcrumb\":{\"@id\":\"https:\\\/\\\/lezbetalen.be\\\/lv\\\/sazinaties\\\/#breadcrumb\"},\"inLanguage\":\"lv-LV\",\"potentialAction\":[{\"@type\":\"ReadAction\",\"target\":[\"https:\\\/\\\/lezbetalen.be\\\/lv\\\/sazinaties\\\/\"]}]},{\"@type\":\"BreadcrumbList\",\"@id\":\"https:\\\/\\\/lezbetalen.be\\\/lv\\\/sazinaties\\\/#breadcrumb\",\"itemListElement\":[{\"@type\":\"ListItem\",\"position\":1,\"name\":\"Home\",\"item\":\"https:\\\/\\\/lezbetalen.be\\\/lv\\\/\"},{\"@type\":\"ListItem\",\"position\":2,\"name\":\"Sazin\u0101ties\"}]},{\"@type\":\"WebSite\",\"@id\":\"https:\\\/\\\/lezbetalen.be\\\/#website\",\"url\":\"https:\\\/\\\/lezbetalen.be\\\/\",\"name\":\"LEZ\",\"description\":\"\",\"potentialAction\":[{\"@type\":\"SearchAction\",\"target\":{\"@type\":\"EntryPoint\",\"urlTemplate\":\"https:\\\/\\\/lezbetalen.be\\\/?s={search_term_string}\"},\"query-input\":{\"@type\":\"PropertyValueSpecification\",\"valueRequired\":true,\"valueName\":\"search_term_string\"}}],\"inLanguage\":\"lv-LV\"}]}<\/script>\n<!-- \/ Yoast SEO plugin. -->","yoast_head_json":{"title":"Sazin\u0101ties - LEZ","robots":{"index":"index","follow":"follow","max-snippet":"max-snippet:-1","max-image-preview":"max-image-preview:large","max-video-preview":"max-video-preview:-1"},"canonical":"https:\/\/lezbetalen.be\/lv\/sazinaties\/","og_locale":"lv_LV","og_type":"article","og_title":"Sazin\u0101ties - LEZ","og_url":"https:\/\/lezbetalen.be\/lv\/sazinaties\/","og_site_name":"LEZ","article_modified_time":"2019-11-29T19:25:40+00:00","twitter_card":"summary_large_image","twitter_misc":{"Est. reading time":"3 minutes"},"schema":{"@context":"https:\/\/schema.org","@graph":[{"@type":"WebPage","@id":"https:\/\/lezbetalen.be\/lv\/sazinaties\/","url":"https:\/\/lezbetalen.be\/lv\/sazinaties\/","name":"Sazin\u0101ties - LEZ","isPartOf":{"@id":"https:\/\/lezbetalen.be\/#website"},"datePublished":"2019-05-03T13:43:33+00:00","dateModified":"2019-11-29T19:25:40+00:00","breadcrumb":{"@id":"https:\/\/lezbetalen.be\/lv\/sazinaties\/#breadcrumb"},"inLanguage":"lv-LV","potentialAction":[{"@type":"ReadAction","target":["https:\/\/lezbetalen.be\/lv\/sazinaties\/"]}]},{"@type":"BreadcrumbList","@id":"https:\/\/lezbetalen.be\/lv\/sazinaties\/#breadcrumb","itemListElement":[{"@type":"ListItem","position":1,"name":"Home","item":"https:\/\/lezbetalen.be\/lv\/"},{"@type":"ListItem","position":2,"name":"Sazin\u0101ties"}]},{"@type":"WebSite","@id":"https:\/\/lezbetalen.be\/#website","url":"https:\/\/lezbetalen.be\/","name":"LEZ","description":"","potentialAction":[{"@type":"SearchAction","target":{"@type":"EntryPoint","urlTemplate":"https:\/\/lezbetalen.be\/?s={search_term_string}"},"query-input":{"@type":"PropertyValueSpecification","valueRequired":true,"valueName":"search_term_string"}}],"inLanguage":"lv-LV"}]}},"_links":{"self":[{"href":"https:\/\/lezbetalen.be\/lv\/wp-json\/wp\/v2\/pages\/1749","targetHints":{"allow":["GET"]}}],"collection":[{"href":"https:\/\/lezbetalen.be\/lv\/wp-json\/wp\/v2\/pages"}],"about":[{"href":"https:\/\/lezbetalen.be\/lv\/wp-json\/wp\/v2\/types\/page"}],"author":[{"embeddable":true,"href":"https:\/\/lezbetalen.be\/lv\/wp-json\/wp\/v2\/users\/7"}],"replies":[{"embeddable":true,"href":"https:\/\/lezbetalen.be\/lv\/wp-json\/wp\/v2\/comments?post=1749"}],"version-history":[{"count":4,"href":"https:\/\/lezbetalen.be\/lv\/wp-json\/wp\/v2\/pages\/1749\/revisions"}],"predecessor-version":[{"id":2526,"href":"https:\/\/lezbetalen.be\/lv\/wp-json\/wp\/v2\/pages\/1749\/revisions\/2526"}],"wp:attachment":[{"href":"https:\/\/lezbetalen.be\/lv\/wp-json\/wp\/v2\/media?parent=1749"}],"curies":[{"name":"wp","href":"https:\/\/api.w.org\/{rel}","templated":true}]}}