{"id":1864,"date":"2019-05-20T11:48:58","date_gmt":"2019-05-20T11:48:58","guid":{"rendered":"https:\/\/lezbetalen.be\/?page_id=1864"},"modified":"2020-03-23T14:10:23","modified_gmt":"2020-03-23T14:10:23","slug":"strona-glowna","status":"publish","type":"page","link":"https:\/\/lezbetalen.be\/pl\/","title":{"rendered":"Strona g\u0142\u00f3wna"},"content":{"rendered":"<p><div class=\"fusion-fullwidth fullwidth-box fusion-builder-row-1 fusion-parallax-none nonhundred-percent-fullwidth non-hundred-percent-height-scrolling\" style=\"--awb-background-position:right center;--awb-border-radius-top-left:0px;--awb-border-radius-top-right:0px;--awb-border-radius-bottom-right:0px;--awb-border-radius-bottom-left:0px;--awb-background-image:url(&quot;https:\/\/lezbetalen.be\/wp-content\/uploads\/2019\/11\/masantwerpen.jpg&quot;);--awb-background-size:cover;--awb-flex-wrap:wrap;\" ><div class=\"fusion-builder-row fusion-row\"><div class=\"fusion-layout-column fusion_builder_column fusion-builder-column-0 fusion_builder_column_1_1 1_1 fusion-one-full fusion-column-first fusion-column-last\" style=\"--awb-padding-top:250px;--awb-padding-bottom:250px;--awb-bg-size:cover;\"><div class=\"fusion-column-wrapper fusion-flex-column-wrapper-legacy\"><div class=\"fusion-clearfix\"><\/div><\/div><\/div><\/div><\/div>\n<div class=\"fusion-fullwidth fullwidth-box fusion-builder-row-2 nonhundred-percent-fullwidth non-hundred-percent-height-scrolling\" style=\"--awb-background-position:left top;--awb-border-radius-top-left:0px;--awb-border-radius-top-right:0px;--awb-border-radius-bottom-right:0px;--awb-border-radius-bottom-left:0px;--awb-padding-top:50px;--awb-padding-bottom:75px;--awb-background-color:#ffffff;--awb-border-sizes-top:0px;--awb-border-sizes-bottom:0px;--awb-flex-wrap:wrap;\" ><div class=\"fusion-builder-row fusion-row\"><div class=\"fusion-layout-column fusion_builder_column fusion-builder-column-1 fusion_builder_column_1_1 1_1 fusion-one-full fusion-column-first fusion-column-last\" style=\"--awb-padding-right:14%;--awb-padding-left:14%;--awb-bg-size:cover;--awb-margin-bottom:0px;\"><div class=\"fusion-column-wrapper fusion-flex-column-wrapper-legacy\"><div class=\"fusion-text fusion-text-1\"><h2 data-lineheight=\"38\" data-fontsize=\"30\" style=\"font-size: 28.156px; line-height: 35.665px;\"><\/h2>\n<h2 data-lineheight=\"38\" data-fontsize=\"30\" style=\"font-size: 28.156px; line-height: 35.665px;\">Witamy<\/h2>\n<p>Niniejsza strona powsta\u0142a do pobierania grzywien nak\u0142adanych na zagranicznych kierowc\u00f3w w Strefie Niskoemisyjnej (LEZ) miasta Antwerpia przez Modero. Grzywny od kierowc\u00f3w z belgijskimi, holenderskimi i francuskimi tablicami rejestracyjnymi pobiera samo miasto Antwerpia.  <\/p>\n<p>Na niniejszej stronie znajd\u0105 Pa\u0144stwo wi\u0119cej informacji:<\/p>\n<ul>\n<li>jak zarejestrowa\u0107 sw\u00f3j pojazd aby unikn\u0105\u0107 grzywny;<\/li>\n<li>jak zap\u0142aci\u0107 grzywn\u0119;<\/li>\n<li>jak z\u0142o\u017cy\u0107 sprzeciw od grzywny;<\/li>\n<li>konkretne pytania o Stref\u0119 Niskoemisyjn\u0105 w Antwerpii;<\/li>\n<li>tre\u015b\u0107 Decyzji Rz\u0105du Flandrii.<\/li>\n<\/ul>\n<p><b>Masz belgijsk\u0105, holendersk\u0105 b\u0105d\u017a francusk\u0105 tablic\u0119 rejestracyjn\u0105? <\/b><br \/>Pobieranie kar grzywny za belgijsk\u0105, holendersk\u0105 b\u0105d\u017a francusk\u0105 tablic\u0119 rejestracyjn\u0105 jest dokonywane przez samo miasto Antwerpi\u0119. Po naruszeniu przepis\u00f3w otrzyma\u0142e\u015b list polecony z Antwerpii. W tej korespondencji znajdziesz poprawne dane dotycz\u0105ce p\u0142atno\u015bci. <\/p>\n<p><b>Masz inny numer rejestracyjny? <\/b><br \/>Pobieranie grzywien za inne zagraniczne tablice rejestracyjne jest dokonywane przez Modero. Wszystko na ten temat przeczytaj <a href=\"https:\/\/lezbetalen.be\/pl\/dokonywanie-platnosci\/\" target=\"_blank\" rel=\"noopener noreferrer\">tutaj<\/a>.<\/p>\n<\/p>\n<ul>\n<\/ul>\n<h2 data-lineheight=\"38\" data-fontsize=\"30\" style=\"font-size: 28.156px; line-height: 35.665px;\">Strefa Niskoemisyjna w Antwerpii<\/h2>\n<p>Miasto Antwerpia chce poprawi\u0107 jako\u015b\u0107 powietrza i zdecydowa\u0142o o wprowadzeniu Strefy Niskoemisyjnej w centrum oraz cz\u0119\u015bci dzielnicy Linkeroever. Od 1 lutego 2017 r. pojazdy generuj\u0105ce najwi\u0119ksze zanieczyszczenia nie mog\u0105 ju\u017c wje\u017cd\u017ca\u0107 do miasta.<\/p>\n<p>Pojazdy zagraniczne, kt\u00f3re spe\u0142niaj\u0105 warunki dost\u0119pu do strefy, musz\u0105 r\u00f3wnie\u017c zosta\u0107 zarejestrowane w ci\u0105gu jednego dnia od wjazdu. Rejestracji mo\u017cna dokona\u0107 online. Dzi\u0119ki temu mog\u0105 Pa\u0144stwo od razu przekona\u0107 si\u0119, czy mog\u0105 wjecha\u0107 do miasta bez ponoszenia \u017cadnych op\u0142at, czy te\u017c musz\u0105 wykupi\u0107 pozwolenie lub dzienn\u0105 przepustk\u0119. Je\u017celi nie zarejestrowali Pa\u0144stwo pojazdu na czas, otrzymaj\u0105 Pa\u0144stwo powiadomienie o grzywnie listem poleconym. B\u0119d\u0105 Pa\u0144stwo zobowi\u0105zani do zap\u0142acenia tej grzywny, chyba \u017ce maj\u0105 Pa\u0144stwo uzasadniony pow\u00f3d do sprzeciwu.<\/p>\n<p>Przepisy o Strefie Niskoemisyjnej oparte s\u0105 na Rozporz\u0105dzeniu Flandrii z dnia 27 listopada 2015 roku oraz Decyzji Rz\u0105du Flandrii o Strefach Niskoemisyjnych z 26 lutego 2016 roku. Zosta\u0142y w\u0142\u0105czone do przepis\u00f3w lokalnych Miasta Antwerpia dotycz\u0105cych ustanowienia Strefy Niskoemisyjnej.<\/p>\n<h2 data-lineheight=\"38\" data-fontsize=\"30\" style=\"font-size: 28.156px; line-height: 35.665px;\">O Modero<\/h2>\n<p>Miasto Antwerpia powierzy\u0142o Modero pobieranie grzywien dotycz\u0105cych Strefy Niskoemisyjnej od kierowc\u00f3w mi\u0119dzynarodowych. W tym celu, Modero wsp\u00f3\u0142pracuje z lokalnymi partnerami w poszczeg\u00f3lnych krajach, aby upewni\u0107 si\u0119, \u017ce spos\u00f3b dokonywania p\u0142atno\u015bci jest dla w\u0142a\u015bcicieli pojazdu prosty, zrozumia\u0142y i bezproblemowy.<\/p>\n<\/div><div class=\"fusion-clearfix\"><\/div><\/div><\/div><\/div><\/div><div class=\"fusion-fullwidth fullwidth-box fusion-builder-row-3 footer-border nonhundred-percent-fullwidth non-hundred-percent-height-scrolling\" style=\"--awb-border-radius-top-left:0px;--awb-border-radius-top-right:0px;--awb-border-radius-bottom-right:0px;--awb-border-radius-bottom-left:0px;--awb-padding-top:50px;--awb-padding-bottom:50px;--awb-margin-top:0px;--awb-margin-bottom:0px;--awb-flex-wrap:wrap;\" ><div class=\"fusion-builder-row fusion-row\"><div class=\"fusion-layout-column fusion_builder_column fusion-builder-column-2 fusion_builder_column_1_1 1_1 fusion-one-full fusion-column-first fusion-column-last\" style=\"--awb-padding-top:0px;--awb-padding-bottom:0px;--awb-bg-size:cover;--awb-margin-bottom:0px;\"><div class=\"fusion-column-wrapper fusion-flex-column-wrapper-legacy\"><p style=\"text-align: center;\">LEZ betalen \u00a9 Copyright <script>document.write(new Date().getFullYear());<\/script> - All Rights Reserved - Launched by <a href=\"https:\/\/majortom.be\" target=\"_blank\">Major Tom<\/a><br \/>\nIn collaboration with:<\/p><div class=\"fusion-image-element fusion-image-align-center in-legacy-container\" style=\"text-align:center;--awb-caption-title-font-family:var(--h2_typography-font-family);--awb-caption-title-font-weight:var(--h2_typography-font-weight);--awb-caption-title-font-style:var(--h2_typography-font-style);--awb-caption-title-size:var(--h2_typography-font-size);--awb-caption-title-transform:var(--h2_typography-text-transform);--awb-caption-title-line-height:var(--h2_typography-line-height);--awb-caption-title-letter-spacing:var(--h2_typography-letter-spacing);\"><div class=\"imageframe-align-center\"><span class=\" fusion-imageframe imageframe-none imageframe-1 hover-type-none\"><a class=\"fusion-no-lightbox\" href=\"https:\/\/modero.be\" target=\"_blank\" aria-label=\"Modero BASIS rgb\" rel=\"noopener noreferrer\"><img decoding=\"async\" width=\"300\" height=\"65\" alt=\"Modero\" src=\"https:\/\/lezbetalen.be\/wp-content\/uploads\/2019\/11\/Modero-BASIS-rgb-300x65.jpg\" class=\"img-responsive wp-image-2380\" srcset=\"https:\/\/lezbetalen.be\/wp-content\/uploads\/2019\/11\/Modero-BASIS-rgb-200x43.jpg 200w, https:\/\/lezbetalen.be\/wp-content\/uploads\/2019\/11\/Modero-BASIS-rgb-400x87.jpg 400w, https:\/\/lezbetalen.be\/wp-content\/uploads\/2019\/11\/Modero-BASIS-rgb-600x130.jpg 600w, https:\/\/lezbetalen.be\/wp-content\/uploads\/2019\/11\/Modero-BASIS-rgb-800x174.jpg 800w, https:\/\/lezbetalen.be\/wp-content\/uploads\/2019\/11\/Modero-BASIS-rgb.jpg 1064w\" sizes=\"(max-width: 800px) 100vw, 300px\" \/><\/a><\/span><\/div><\/div><div class=\"fusion-sep-clear\"><\/div><div class=\"fusion-separator fusion-full-width-sep\" style=\"margin-left: auto;margin-right: auto;margin-top:25px;width:100%;\"><div class=\"fusion-separator-border sep-double\" style=\"--awb-height:20px;--awb-amount:20px;border-color:#eaeaea;border-top-width:0px;border-bottom-width:0px;\"><\/div><\/div><div class=\"fusion-sep-clear\"><\/div><div class=\"fusion-image-element fusion-image-align-center in-legacy-container\" style=\"text-align:center;--awb-caption-title-font-family:var(--h2_typography-font-family);--awb-caption-title-font-weight:var(--h2_typography-font-weight);--awb-caption-title-font-style:var(--h2_typography-font-style);--awb-caption-title-size:var(--h2_typography-font-size);--awb-caption-title-transform:var(--h2_typography-text-transform);--awb-caption-title-line-height:var(--h2_typography-line-height);--awb-caption-title-letter-spacing:var(--h2_typography-letter-spacing);\"><div class=\"imageframe-align-center\"><span class=\" fusion-imageframe imageframe-none imageframe-2 hover-type-none\"><a class=\"fusion-no-lightbox\" href=\"https:\/\/www.antwerpen.be\" target=\"_blank\" aria-label=\"Antwerpen\" rel=\"noopener noreferrer\"><img decoding=\"async\" width=\"125\" height=\"125\" alt=\"Antwerpen\" src=\"https:\/\/lezbetalen.be\/wp-content\/uploads\/2018\/12\/Antwerpen.jpg\" class=\"img-responsive wp-image-2564\" srcset=\"https:\/\/lezbetalen.be\/wp-content\/uploads\/2018\/12\/Antwerpen-66x66.jpg 66w, https:\/\/lezbetalen.be\/wp-content\/uploads\/2018\/12\/Antwerpen.jpg 125w\" sizes=\"(max-width: 125px) 100vw, 125px\" \/><\/a><\/span><\/div><\/div><div class=\"fusion-clearfix\"><\/div><\/div><\/div><\/div><\/div>\n<\/p>\n","protected":false},"excerpt":{"rendered":"","protected":false},"author":7,"featured_media":0,"parent":0,"menu_order":0,"comment_status":"closed","ping_status":"closed","template":"100-width.php","meta":{"footnotes":""},"class_list":["post-1864","page","type-page","status-publish","hentry"],"yoast_head":"<!-- This site is optimized with the Yoast SEO plugin v27.5 - https:\/\/yoast.com\/product\/yoast-seo-wordpress\/ -->\n<title>Strona g\u0142\u00f3wna - LEZ<\/title>\n<meta name=\"robots\" content=\"index, follow, max-snippet:-1, max-image-preview:large, max-video-preview:-1\" \/>\n<link rel=\"canonical\" href=\"https:\/\/lezbetalen.be\/pl\/\" \/>\n<meta property=\"og:locale\" content=\"pl_PL\" \/>\n<meta property=\"og:type\" content=\"article\" \/>\n<meta property=\"og:title\" content=\"Strona g\u0142\u00f3wna - LEZ\" \/>\n<meta property=\"og:url\" content=\"https:\/\/lezbetalen.be\/pl\/\" \/>\n<meta property=\"og:site_name\" content=\"LEZ\" \/>\n<meta property=\"article:modified_time\" content=\"2020-03-23T14:10:23+00:00\" \/>\n<meta name=\"twitter:card\" content=\"summary_large_image\" \/>\n<meta name=\"twitter:label1\" content=\"Szacowany czas czytania\" \/>\n\t<meta name=\"twitter:data1\" content=\"3 minuty\" \/>\n<script type=\"application\/ld+json\" class=\"yoast-schema-graph\">{\"@context\":\"https:\\\/\\\/schema.org\",\"@graph\":[{\"@type\":\"WebPage\",\"@id\":\"https:\\\/\\\/lezbetalen.be\\\/pl\\\/\",\"url\":\"https:\\\/\\\/lezbetalen.be\\\/pl\\\/\",\"name\":\"Strona g\u0142\u00f3wna - LEZ\",\"isPartOf\":{\"@id\":\"https:\\\/\\\/lezbetalen.be\\\/#website\"},\"datePublished\":\"2019-05-20T11:48:58+00:00\",\"dateModified\":\"2020-03-23T14:10:23+00:00\",\"breadcrumb\":{\"@id\":\"https:\\\/\\\/lezbetalen.be\\\/pl\\\/#breadcrumb\"},\"inLanguage\":\"pl-PL\",\"potentialAction\":[{\"@type\":\"ReadAction\",\"target\":[\"https:\\\/\\\/lezbetalen.be\\\/pl\\\/\"]}]},{\"@type\":\"BreadcrumbList\",\"@id\":\"https:\\\/\\\/lezbetalen.be\\\/pl\\\/#breadcrumb\",\"itemListElement\":[{\"@type\":\"ListItem\",\"position\":1,\"name\":\"Home\",\"item\":\"https:\\\/\\\/lezbetalen.be\\\/pl\\\/\"},{\"@type\":\"ListItem\",\"position\":2,\"name\":\"Strona g\u0142\u00f3wna\"}]},{\"@type\":\"WebSite\",\"@id\":\"https:\\\/\\\/lezbetalen.be\\\/#website\",\"url\":\"https:\\\/\\\/lezbetalen.be\\\/\",\"name\":\"LEZ\",\"description\":\"\",\"potentialAction\":[{\"@type\":\"SearchAction\",\"target\":{\"@type\":\"EntryPoint\",\"urlTemplate\":\"https:\\\/\\\/lezbetalen.be\\\/?s={search_term_string}\"},\"query-input\":{\"@type\":\"PropertyValueSpecification\",\"valueRequired\":true,\"valueName\":\"search_term_string\"}}],\"inLanguage\":\"pl-PL\"}]}<\/script>\n<!-- \/ Yoast SEO plugin. -->","yoast_head_json":{"title":"Strona g\u0142\u00f3wna - LEZ","robots":{"index":"index","follow":"follow","max-snippet":"max-snippet:-1","max-image-preview":"max-image-preview:large","max-video-preview":"max-video-preview:-1"},"canonical":"https:\/\/lezbetalen.be\/pl\/","og_locale":"pl_PL","og_type":"article","og_title":"Strona g\u0142\u00f3wna - LEZ","og_url":"https:\/\/lezbetalen.be\/pl\/","og_site_name":"LEZ","article_modified_time":"2020-03-23T14:10:23+00:00","twitter_card":"summary_large_image","twitter_misc":{"Szacowany czas czytania":"3 minuty"},"schema":{"@context":"https:\/\/schema.org","@graph":[{"@type":"WebPage","@id":"https:\/\/lezbetalen.be\/pl\/","url":"https:\/\/lezbetalen.be\/pl\/","name":"Strona g\u0142\u00f3wna - LEZ","isPartOf":{"@id":"https:\/\/lezbetalen.be\/#website"},"datePublished":"2019-05-20T11:48:58+00:00","dateModified":"2020-03-23T14:10:23+00:00","breadcrumb":{"@id":"https:\/\/lezbetalen.be\/pl\/#breadcrumb"},"inLanguage":"pl-PL","potentialAction":[{"@type":"ReadAction","target":["https:\/\/lezbetalen.be\/pl\/"]}]},{"@type":"BreadcrumbList","@id":"https:\/\/lezbetalen.be\/pl\/#breadcrumb","itemListElement":[{"@type":"ListItem","position":1,"name":"Home","item":"https:\/\/lezbetalen.be\/pl\/"},{"@type":"ListItem","position":2,"name":"Strona g\u0142\u00f3wna"}]},{"@type":"WebSite","@id":"https:\/\/lezbetalen.be\/#website","url":"https:\/\/lezbetalen.be\/","name":"LEZ","description":"","potentialAction":[{"@type":"SearchAction","target":{"@type":"EntryPoint","urlTemplate":"https:\/\/lezbetalen.be\/?s={search_term_string}"},"query-input":{"@type":"PropertyValueSpecification","valueRequired":true,"valueName":"search_term_string"}}],"inLanguage":"pl-PL"}]}},"_links":{"self":[{"href":"https:\/\/lezbetalen.be\/pl\/wp-json\/wp\/v2\/pages\/1864","targetHints":{"allow":["GET"]}}],"collection":[{"href":"https:\/\/lezbetalen.be\/pl\/wp-json\/wp\/v2\/pages"}],"about":[{"href":"https:\/\/lezbetalen.be\/pl\/wp-json\/wp\/v2\/types\/page"}],"author":[{"embeddable":true,"href":"https:\/\/lezbetalen.be\/pl\/wp-json\/wp\/v2\/users\/7"}],"replies":[{"embeddable":true,"href":"https:\/\/lezbetalen.be\/pl\/wp-json\/wp\/v2\/comments?post=1864"}],"version-history":[{"count":6,"href":"https:\/\/lezbetalen.be\/pl\/wp-json\/wp\/v2\/pages\/1864\/revisions"}],"predecessor-version":[{"id":2658,"href":"https:\/\/lezbetalen.be\/pl\/wp-json\/wp\/v2\/pages\/1864\/revisions\/2658"}],"wp:attachment":[{"href":"https:\/\/lezbetalen.be\/pl\/wp-json\/wp\/v2\/media?parent=1864"}],"curies":[{"name":"wp","href":"https:\/\/api.w.org\/{rel}","templated":true}]}}