{"id":1925,"date":"2019-05-21T07:54:59","date_gmt":"2019-05-21T07:54:59","guid":{"rendered":"https:\/\/lezbetalen.be\/?page_id=1925"},"modified":"2020-03-23T14:17:36","modified_gmt":"2020-03-23T14:17:36","slug":"home","status":"publish","type":"page","link":"https:\/\/lezbetalen.be\/pt-pt\/","title":{"rendered":"Home"},"content":{"rendered":"<p><div class=\"fusion-fullwidth fullwidth-box fusion-builder-row-1 fusion-parallax-none nonhundred-percent-fullwidth non-hundred-percent-height-scrolling\" style=\"--awb-background-position:right center;--awb-border-radius-top-left:0px;--awb-border-radius-top-right:0px;--awb-border-radius-bottom-right:0px;--awb-border-radius-bottom-left:0px;--awb-background-image:url(&quot;https:\/\/lezbetalen.be\/wp-content\/uploads\/2019\/11\/masantwerpen.jpg&quot;);--awb-background-size:cover;--awb-flex-wrap:wrap;\" ><div class=\"fusion-builder-row fusion-row\"><div class=\"fusion-layout-column fusion_builder_column fusion-builder-column-0 fusion_builder_column_1_1 1_1 fusion-one-full fusion-column-first fusion-column-last\" style=\"--awb-padding-top:250px;--awb-padding-bottom:250px;--awb-bg-size:cover;\"><div class=\"fusion-column-wrapper fusion-flex-column-wrapper-legacy\"><div class=\"fusion-clearfix\"><\/div><\/div><\/div><\/div><\/div>\n<div class=\"fusion-fullwidth fullwidth-box fusion-builder-row-2 nonhundred-percent-fullwidth non-hundred-percent-height-scrolling\" style=\"--awb-background-position:left top;--awb-border-radius-top-left:0px;--awb-border-radius-top-right:0px;--awb-border-radius-bottom-right:0px;--awb-border-radius-bottom-left:0px;--awb-padding-top:50px;--awb-padding-bottom:75px;--awb-background-color:#ffffff;--awb-border-sizes-top:0px;--awb-border-sizes-bottom:0px;--awb-flex-wrap:wrap;\" ><div class=\"fusion-builder-row fusion-row\"><div class=\"fusion-layout-column fusion_builder_column fusion-builder-column-1 fusion_builder_column_1_1 1_1 fusion-one-full fusion-column-first fusion-column-last\" style=\"--awb-padding-right:14%;--awb-padding-left:14%;--awb-bg-size:cover;--awb-margin-bottom:0px;\"><div class=\"fusion-column-wrapper fusion-flex-column-wrapper-legacy\"><div class=\"fusion-text fusion-text-1\"><h2 data-lineheight=\"38\" data-fontsize=\"30\" style=\"font-size: 28.156px; line-height: 35.665px;\">Bem-vindo(a)<\/h2>\n<p>Este sitio foi criado para a cobran\u00e7a das multas administrativas impostas pela Modero aos condutores estrangeiros na zona de baixo n\u00edvel de emiss\u00f5es (&#8220;LEZ&#8221;) da cidade de Antu\u00e9rpia. As multas aplicadas \u00e0s matr\u00edculas belgas, holandesas e francesas s\u00e3o cobradas pela pr\u00f3pria cidade de Antu\u00e9rpia. <\/p>\n<p>Neste s\u00edtio Web, voc\u00ea encontrar\u00e1 mais informa\u00e7\u00f5es sobre:<\/p>\n<ul>\n<li>como registar o seu ve\u00edculo para evitar quaisquer multas;<\/li>\n<li>como pagar a multa;<\/li>\n<li>como contestar a multa;<\/li>\n<li>quest\u00f5es concretas sobre a zona de baixo n\u00edvel de emiss\u00f5es na cidade de Antu\u00e9rpia;<\/li>\n<li>o Decreto do Governo Flamengo.<\/li>\n<\/ul>\n<p><b>Tem uma matr\u00edcula belga, holandesa ou francesa?<\/b><br \/>A pr\u00f3pria cidade de Antu\u00e9rpia realiza a cobran\u00e7a de multas para matr\u00edculas belgas, holandesas e francesas. Ap\u00f3s a sua infra\u00e7\u00e3o, recebeu uma carta registada da cidade de Antu\u00e9rpia. Esta correspond\u00eancia cont\u00e9m os dados corretos de pagamento.<\/p>\n<p><b>Tem outra matr\u00edcula?<\/b><br \/>Modero realiza a cobran\u00e7a de multas para outras matr\u00edculas estrangeiras. Leia mais sobre isto <a href=\"https:\/\/lezbetalen.be\/pt-pt\/pagamento\/\" target=\"_blank\" rel=\"noopener noreferrer\">aqui<\/a>. <\/p>\n<\/p>\n<ul>\n<\/ul>\n<h2 data-lineheight=\"38\" data-fontsize=\"30\" style=\"font-size: 28.156px; line-height: 35.665px;\">A respeito da zona de baixo n\u00edvel de emiss\u00f5es da cidade de Antu\u00e9rpia<\/h2>\n<p>A cidade de Antu\u00e9rpia tenciona melhorar a qualidade do ar e, consequentemente, introduziu uma zona de baixas emiss\u00f5es para o centro da cidade e parte da Margem Esquerda (&#8220;Linkeroever&#8221;). Desde o 1\u00b0 de Fevereiro de 2017, os ve\u00edculos mais poluentes n\u00e3o s\u00e3o mais permitidos na cidade.<\/p>\n<p>Os ve\u00edculos estrangeiros que cumpram os requisitos de admiss\u00e3o tamb\u00e9m devem ser registados no dia seguinte \u00e0 entrada. Voc\u00ea pode registrar-se on-line. Voc\u00ea pode saber imediatamente se pode entrar na cidade gratuitamente ou se precisa comprar uma autoriza\u00e7\u00e3o ou um passe di\u00e1rio LEZ. Caso n\u00e3o registe o seu ve\u00edculo a tempo, receber\u00e1 uma multa por correio registado. Tem de pag\u00e1-la, a n\u00e3o ser que possa contest\u00e1-la por raz\u00f5es leg\u00edtimas.<\/p>\n<p>A LEZ \u00e9 baseada no decreto flamengo de 27 de Novembro de 2015 e no decreto do Governo Flamengo sobre as zonas de baixo n\u00edvel de emiss\u00f5es de 26 de Fevereiro de 2016. A referida zona foi desenvolvida no regulamento municipal sobre a zona de baixas emiss\u00f5es da cidade de Antu\u00e9rpia.<\/p>\n<h2 data-lineheight=\"38\" data-fontsize=\"30\" style=\"font-size: 28.156px; line-height: 35.665px;\">Saiba mais sobre a Modero<\/h2>\n<p>A cidade de Antu\u00e9rpia encarregou a Modero da cobran\u00e7a internacional de multas no \u00e2mbito da LEZ. A Modero trabalha com parceiros locais em cada pa\u00eds para garantir que o pagamento seja simples, compreens\u00edvel e transparente para os donos dos ve\u00edculos.<\/p>\n<\/div><div class=\"fusion-clearfix\"><\/div><\/div><\/div><\/div><\/div><div class=\"fusion-fullwidth fullwidth-box fusion-builder-row-3 footer-border nonhundred-percent-fullwidth non-hundred-percent-height-scrolling\" style=\"--awb-border-radius-top-left:0px;--awb-border-radius-top-right:0px;--awb-border-radius-bottom-right:0px;--awb-border-radius-bottom-left:0px;--awb-padding-top:50px;--awb-padding-bottom:50px;--awb-margin-top:0px;--awb-margin-bottom:0px;--awb-flex-wrap:wrap;\" ><div class=\"fusion-builder-row fusion-row\"><div class=\"fusion-layout-column fusion_builder_column fusion-builder-column-2 fusion_builder_column_1_1 1_1 fusion-one-full fusion-column-first fusion-column-last\" style=\"--awb-padding-top:0px;--awb-padding-bottom:0px;--awb-bg-size:cover;--awb-margin-bottom:0px;\"><div class=\"fusion-column-wrapper fusion-flex-column-wrapper-legacy\"><p style=\"text-align: center;\">LEZ betalen \u00a9 Copyright <script>document.write(new Date().getFullYear());<\/script> - All Rights Reserved - Launched by <a href=\"https:\/\/majortom.be\" target=\"_blank\">Major Tom<\/a><br \/>\nIn collaboration with:<\/p><div class=\"fusion-image-element fusion-image-align-center in-legacy-container\" style=\"text-align:center;--awb-caption-title-font-family:var(--h2_typography-font-family);--awb-caption-title-font-weight:var(--h2_typography-font-weight);--awb-caption-title-font-style:var(--h2_typography-font-style);--awb-caption-title-size:var(--h2_typography-font-size);--awb-caption-title-transform:var(--h2_typography-text-transform);--awb-caption-title-line-height:var(--h2_typography-line-height);--awb-caption-title-letter-spacing:var(--h2_typography-letter-spacing);\"><div class=\"imageframe-align-center\"><span class=\" fusion-imageframe imageframe-none imageframe-1 hover-type-none\"><a class=\"fusion-no-lightbox\" href=\"https:\/\/modero.be\" target=\"_blank\" aria-label=\"Modero BASIS rgb\" rel=\"noopener noreferrer\"><img decoding=\"async\" width=\"300\" height=\"65\" alt=\"Modero\" src=\"https:\/\/lezbetalen.be\/wp-content\/uploads\/2019\/11\/Modero-BASIS-rgb-300x65.jpg\" class=\"img-responsive wp-image-2381\" srcset=\"https:\/\/lezbetalen.be\/wp-content\/uploads\/2019\/11\/Modero-BASIS-rgb-200x43.jpg 200w, https:\/\/lezbetalen.be\/wp-content\/uploads\/2019\/11\/Modero-BASIS-rgb-400x87.jpg 400w, https:\/\/lezbetalen.be\/wp-content\/uploads\/2019\/11\/Modero-BASIS-rgb-600x130.jpg 600w, https:\/\/lezbetalen.be\/wp-content\/uploads\/2019\/11\/Modero-BASIS-rgb-800x174.jpg 800w, https:\/\/lezbetalen.be\/wp-content\/uploads\/2019\/11\/Modero-BASIS-rgb.jpg 1064w\" sizes=\"(max-width: 800px) 100vw, 300px\" \/><\/a><\/span><\/div><\/div><div class=\"fusion-sep-clear\"><\/div><div class=\"fusion-separator fusion-full-width-sep\" style=\"margin-left: auto;margin-right: auto;margin-top:25px;width:100%;\"><div class=\"fusion-separator-border sep-double\" style=\"--awb-height:20px;--awb-amount:20px;border-color:#eaeaea;border-top-width:0px;border-bottom-width:0px;\"><\/div><\/div><div class=\"fusion-sep-clear\"><\/div><div class=\"fusion-image-element fusion-image-align-center in-legacy-container\" style=\"text-align:center;--awb-caption-title-font-family:var(--h2_typography-font-family);--awb-caption-title-font-weight:var(--h2_typography-font-weight);--awb-caption-title-font-style:var(--h2_typography-font-style);--awb-caption-title-size:var(--h2_typography-font-size);--awb-caption-title-transform:var(--h2_typography-text-transform);--awb-caption-title-line-height:var(--h2_typography-line-height);--awb-caption-title-letter-spacing:var(--h2_typography-letter-spacing);\"><div class=\"imageframe-align-center\"><span class=\" fusion-imageframe imageframe-none imageframe-2 hover-type-none\"><a class=\"fusion-no-lightbox\" href=\"https:\/\/www.antwerpen.be\" target=\"_blank\" aria-label=\"Antwerpen\" rel=\"noopener noreferrer\"><img decoding=\"async\" width=\"125\" height=\"125\" alt=\"Antwerpen\" src=\"https:\/\/lezbetalen.be\/wp-content\/uploads\/2018\/12\/Antwerpen.jpg\" class=\"img-responsive wp-image-2567\" srcset=\"https:\/\/lezbetalen.be\/wp-content\/uploads\/2018\/12\/Antwerpen-66x66.jpg 66w, https:\/\/lezbetalen.be\/wp-content\/uploads\/2018\/12\/Antwerpen.jpg 125w\" sizes=\"(max-width: 125px) 100vw, 125px\" \/><\/a><\/span><\/div><\/div><div class=\"fusion-clearfix\"><\/div><\/div><\/div><\/div><\/div>\n<\/p>\n","protected":false},"excerpt":{"rendered":"","protected":false},"author":7,"featured_media":0,"parent":0,"menu_order":0,"comment_status":"closed","ping_status":"closed","template":"100-width.php","meta":{"footnotes":""},"class_list":["post-1925","page","type-page","status-publish","hentry"],"yoast_head":"<!-- This site is optimized with the Yoast SEO plugin v27.5 - https:\/\/yoast.com\/product\/yoast-seo-wordpress\/ -->\n<title>Home - LEZ<\/title>\n<meta name=\"robots\" content=\"index, follow, max-snippet:-1, max-image-preview:large, max-video-preview:-1\" \/>\n<link rel=\"canonical\" href=\"https:\/\/lezbetalen.be\/pt-pt\/\" \/>\n<meta property=\"og:locale\" content=\"pt_PT\" \/>\n<meta property=\"og:type\" content=\"article\" \/>\n<meta property=\"og:title\" content=\"Home - LEZ\" \/>\n<meta property=\"og:url\" content=\"https:\/\/lezbetalen.be\/pt-pt\/\" \/>\n<meta property=\"og:site_name\" content=\"LEZ\" \/>\n<meta property=\"article:modified_time\" content=\"2020-03-23T14:17:36+00:00\" \/>\n<meta name=\"twitter:card\" content=\"summary_large_image\" \/>\n<meta name=\"twitter:label1\" content=\"Tempo estimado de leitura\" \/>\n\t<meta name=\"twitter:data1\" content=\"3 minutos\" \/>\n<script type=\"application\/ld+json\" class=\"yoast-schema-graph\">{\"@context\":\"https:\\\/\\\/schema.org\",\"@graph\":[{\"@type\":\"WebPage\",\"@id\":\"https:\\\/\\\/lezbetalen.be\\\/pt-pt\\\/\",\"url\":\"https:\\\/\\\/lezbetalen.be\\\/pt-pt\\\/\",\"name\":\"Home - LEZ\",\"isPartOf\":{\"@id\":\"https:\\\/\\\/lezbetalen.be\\\/#website\"},\"datePublished\":\"2019-05-21T07:54:59+00:00\",\"dateModified\":\"2020-03-23T14:17:36+00:00\",\"breadcrumb\":{\"@id\":\"https:\\\/\\\/lezbetalen.be\\\/pt-pt\\\/#breadcrumb\"},\"inLanguage\":\"pt-PT\",\"potentialAction\":[{\"@type\":\"ReadAction\",\"target\":[\"https:\\\/\\\/lezbetalen.be\\\/pt-pt\\\/\"]}]},{\"@type\":\"BreadcrumbList\",\"@id\":\"https:\\\/\\\/lezbetalen.be\\\/pt-pt\\\/#breadcrumb\",\"itemListElement\":[{\"@type\":\"ListItem\",\"position\":1,\"name\":\"Home\",\"item\":\"https:\\\/\\\/lezbetalen.be\\\/pt-pt\\\/\"},{\"@type\":\"ListItem\",\"position\":2,\"name\":\"Home\"}]},{\"@type\":\"WebSite\",\"@id\":\"https:\\\/\\\/lezbetalen.be\\\/#website\",\"url\":\"https:\\\/\\\/lezbetalen.be\\\/\",\"name\":\"LEZ\",\"description\":\"\",\"potentialAction\":[{\"@type\":\"SearchAction\",\"target\":{\"@type\":\"EntryPoint\",\"urlTemplate\":\"https:\\\/\\\/lezbetalen.be\\\/?s={search_term_string}\"},\"query-input\":{\"@type\":\"PropertyValueSpecification\",\"valueRequired\":true,\"valueName\":\"search_term_string\"}}],\"inLanguage\":\"pt-PT\"}]}<\/script>\n<!-- \/ Yoast SEO plugin. -->","yoast_head_json":{"title":"Home - LEZ","robots":{"index":"index","follow":"follow","max-snippet":"max-snippet:-1","max-image-preview":"max-image-preview:large","max-video-preview":"max-video-preview:-1"},"canonical":"https:\/\/lezbetalen.be\/pt-pt\/","og_locale":"pt_PT","og_type":"article","og_title":"Home - LEZ","og_url":"https:\/\/lezbetalen.be\/pt-pt\/","og_site_name":"LEZ","article_modified_time":"2020-03-23T14:17:36+00:00","twitter_card":"summary_large_image","twitter_misc":{"Tempo estimado de leitura":"3 minutos"},"schema":{"@context":"https:\/\/schema.org","@graph":[{"@type":"WebPage","@id":"https:\/\/lezbetalen.be\/pt-pt\/","url":"https:\/\/lezbetalen.be\/pt-pt\/","name":"Home - LEZ","isPartOf":{"@id":"https:\/\/lezbetalen.be\/#website"},"datePublished":"2019-05-21T07:54:59+00:00","dateModified":"2020-03-23T14:17:36+00:00","breadcrumb":{"@id":"https:\/\/lezbetalen.be\/pt-pt\/#breadcrumb"},"inLanguage":"pt-PT","potentialAction":[{"@type":"ReadAction","target":["https:\/\/lezbetalen.be\/pt-pt\/"]}]},{"@type":"BreadcrumbList","@id":"https:\/\/lezbetalen.be\/pt-pt\/#breadcrumb","itemListElement":[{"@type":"ListItem","position":1,"name":"Home","item":"https:\/\/lezbetalen.be\/pt-pt\/"},{"@type":"ListItem","position":2,"name":"Home"}]},{"@type":"WebSite","@id":"https:\/\/lezbetalen.be\/#website","url":"https:\/\/lezbetalen.be\/","name":"LEZ","description":"","potentialAction":[{"@type":"SearchAction","target":{"@type":"EntryPoint","urlTemplate":"https:\/\/lezbetalen.be\/?s={search_term_string}"},"query-input":{"@type":"PropertyValueSpecification","valueRequired":true,"valueName":"search_term_string"}}],"inLanguage":"pt-PT"}]}},"_links":{"self":[{"href":"https:\/\/lezbetalen.be\/pt-pt\/wp-json\/wp\/v2\/pages\/1925","targetHints":{"allow":["GET"]}}],"collection":[{"href":"https:\/\/lezbetalen.be\/pt-pt\/wp-json\/wp\/v2\/pages"}],"about":[{"href":"https:\/\/lezbetalen.be\/pt-pt\/wp-json\/wp\/v2\/types\/page"}],"author":[{"embeddable":true,"href":"https:\/\/lezbetalen.be\/pt-pt\/wp-json\/wp\/v2\/users\/7"}],"replies":[{"embeddable":true,"href":"https:\/\/lezbetalen.be\/pt-pt\/wp-json\/wp\/v2\/comments?post=1925"}],"version-history":[{"count":7,"href":"https:\/\/lezbetalen.be\/pt-pt\/wp-json\/wp\/v2\/pages\/1925\/revisions"}],"predecessor-version":[{"id":2661,"href":"https:\/\/lezbetalen.be\/pt-pt\/wp-json\/wp\/v2\/pages\/1925\/revisions\/2661"}],"wp:attachment":[{"href":"https:\/\/lezbetalen.be\/pt-pt\/wp-json\/wp\/v2\/media?parent=1925"}],"curies":[{"name":"wp","href":"https:\/\/api.w.org\/{rel}","templated":true}]}}